{"id":34,"date":"2025-04-18T12:06:47","date_gmt":"2025-04-18T12:06:47","guid":{"rendered":"https:\/\/pianoscarretto.com\/about\/"},"modified":"2025-05-02T17:01:52","modified_gmt":"2025-05-02T17:01:52","slug":"sobre-mi","status":"publish","type":"page","link":"https:\/\/pianoscarretto.com\/ca\/sobre-mi\/","title":{"rendered":"Sobre mi"},"content":{"rendered":"<div class=\"wp-block-uagb-container uagb-block-65a8e191 alignfull uagb-is-root-container\"><div class=\"uagb-container-inner-blocks-wrap\">\n<div class=\"wp-block-uagb-info-box uagb-block-e42f1764 uagb-infobox__content-wrap  uagb-infobox-icon-above-title uagb-infobox-image-valign-top\"><div class=\"uagb-ifb-content\"><div class=\"uagb-ifb-title-wrap\"><h1 class=\"uagb-ifb-title-prefix\">Sobre mi<\/h1><p class=\"uagb-ifb-title\">Una vida entre pianos, tradici\u00f3 i dedicaci\u00f3 artesanal<\/p><\/div><\/div><\/div>\n<\/div><\/div>\n\n\n\n<div class=\"wp-block-uagb-container uagb-block-1f113e62 alignfull uagb-is-root-container\"><div class=\"uagb-container-inner-blocks-wrap\">\n<div class=\"wp-block-uagb-container uagb-block-c7fbc965\">\n<div class=\"wp-block-uagb-image alignleft uagb-block-a91340b0 wp-block-uagb-image--layout-default wp-block-uagb-image--effect-static wp-block-uagb-image--align-left\"><figure class=\"wp-block-uagb-image__figure\"><img decoding=\"async\" srcset=\"https:\/\/pianoscarretto.com\/wp-content\/uploads\/2025\/04\/pianoscarrettocarlosmora.jpg ,https:\/\/pianoscarretto.com\/wp-content\/uploads\/2025\/04\/pianoscarrettocarlosmora.jpg 780w, https:\/\/pianoscarretto.com\/wp-content\/uploads\/2025\/04\/pianoscarrettocarlosmora.jpg 360w\" sizes=\"auto, (max-width: 480px) 150px\" src=\"https:\/\/pianoscarretto.com\/wp-content\/uploads\/2025\/04\/pianoscarrettocarlosmora.jpg\" alt=\"Afinador de pianos profesional en Catalu\u00f1a trabajando en la afinaci\u00f3n de un piano vertical\" class=\"uag-image-389\" width=\"420\" height=\"450\" title=\"\" loading=\"lazy\" role=\"img\"\/><\/figure><\/div>\n\n\n\n<figure class=\"wp-block-image size-full has-custom-border\" style=\"margin-top:var(--wp--preset--spacing--40);margin-right:0;margin-bottom:var(--wp--preset--spacing--40);margin-left:0\"><img loading=\"lazy\" decoding=\"async\" width=\"749\" height=\"740\" src=\"https:\/\/pianoscarretto.com\/wp-content\/uploads\/2025\/04\/pianoscarrettoasetap.jpg\" alt=\"\" class=\"wp-image-391\" style=\"border-style:none;border-width:0px;border-radius:20px\" srcset=\"https:\/\/pianoscarretto.com\/wp-content\/uploads\/2025\/04\/pianoscarrettoasetap.jpg 749w, https:\/\/pianoscarretto.com\/wp-content\/uploads\/2025\/04\/pianoscarrettoasetap-300x296.jpg 300w\" sizes=\"auto, (max-width: 749px) 100vw, 749px\" \/><\/figure>\n\n\n\n<div class=\"wp-block-uagb-image uagb-block-f4e7989c wp-block-uagb-image--layout-default wp-block-uagb-image--effect-static wp-block-uagb-image--align-none\"><figure class=\"wp-block-uagb-image__figure\"><img decoding=\"async\" srcset=\"https:\/\/pianoscarretto.com\/wp-content\/uploads\/2025\/04\/pianoscarrettoaiarp.jpg ,https:\/\/pianoscarretto.com\/wp-content\/uploads\/2025\/04\/pianoscarrettoaiarp.jpg 780w, https:\/\/pianoscarretto.com\/wp-content\/uploads\/2025\/04\/pianoscarrettoaiarp.jpg 360w\" sizes=\"auto, (max-width: 480px) 150px\" src=\"https:\/\/pianoscarretto.com\/wp-content\/uploads\/2025\/04\/pianoscarrettoaiarp.jpg\" alt=\"\" class=\"uag-image-392\" width=\"749\" height=\"901\" title=\"Screenshot\" loading=\"lazy\" role=\"img\"\/><\/figure><\/div>\n<\/div>\n\n\n\n<div class=\"wp-block-uagb-container uagb-block-7efbd0d8\">\n<p>El meu contacte amb els pianos va comen\u00e7ar des de ben petit, a casa dels meus avis, on hi havia un piano obert perqu\u00e8 tothom el pogu\u00e9s tocar. M\u2019encantava escoltar la meva mare tocar durant les trobades familiars durant molts anys, i vaig cr\u00e9ixer dins d\u2019aquest m\u00f3n musical ple de moments m\u00e0gics, on es generava un ambient molt c\u00e0lid.<\/p>\n\n\n\n<p>Amb el temps, em vaig sentir cada cop m\u00e9s a prop del piano, tocant diferents melodies. Cada vegada que l\u2019afinador venia a casa dels meus avis, em quedava fascinat observant l\u2019interior de l\u2019instrument. Aquell mecanisme ple de peces infinites, els seus martells, les tecles\u2026 cada part em captivava m\u00e9s i m\u00e9s, fins que vaig decidir submergir-m\u2019hi completament per con\u00e8ixer a fons aquest instrument.<\/p>\n\n\n\n<p>La meva formaci\u00f3 en piano va comen\u00e7ar el 2015, a la Universitat Nacional de les Arts de Buenos Aires, on vaig con\u00e8ixer i forjar una gran amistat amb el meu professor Gabriel Qui\u00f1a (T\u00e8cnic Afinador de Yamaha Music Argentina), amb qui vaig treballar durant quatre anys al seu taller, al sud de la prov\u00edncia de Buenos Aires.<\/p>\n\n\n\n<p>M\u00e9s endavant, vaig continuar realitzant treballs d\u2019afinaci\u00f3 i regulaci\u00f3, i vaig muntar el meu propi taller a Suipacha (Bs. As.), on em vaig dedicar a treballs de mec\u00e0nica i restauraci\u00f3. All\u00e0 em vaig envoltar de m\u00fasics, pianistes i companys de professi\u00f3 que visitaven el taller, amb qui compartia an\u00e8cdotes i experi\u00e8ncies.<\/p>\n\n\n\n<p>L\u2019any 2018, i despr\u00e9s novament el 2025, vaig viatjar a Passau, Alemanya, per formar-me a Klavierhaus Piano Mora amb el mestre klavierbaumeister Carlos Mora, participant en jornades intensives d\u2019afinaci\u00f3 i regulaci\u00f3. Aquell mateix any, tamb\u00e9 em vaig formar a R\u00edmini, It\u00e0lia, amb l\u2019A.I.A.R.P. (Associaci\u00f3 Italiana d\u2019Afinadors i Reparadors de Pianos), realitzant una formaci\u00f3 per al&nbsp;<strong>European<\/strong><strong><\/strong><strong>Technician<\/strong><strong>&nbsp;<\/strong><strong>Degree 1<\/strong><strong>&nbsp;1<\/strong>el primer examen europeu reconegut per Euro Piano.<\/p>\n\n\n\n<p>Amb la necessitat de fer un salt de qualitat en tot all\u00f2 que havia anat aprenent, el 2023 vaig decidir traslladar-me a Espanya per continuar la meva carrera i formar part de l\u2019A.S.E.T.A.P, associaci\u00f3 membre d\u2019Euro Piano a Europa.&nbsp;<strong>A.S.E.T.A.P<\/strong>, asociaci\u00f3n miembro de Euro Piano en&nbsp;Europa.<\/p>\n\n\n\n<p>La meva passi\u00f3 pels pianos ha anat creixent a mesura que guanyava coneixement i experi\u00e8ncia. Sense adonar-me\u2019n, m\u2019he anat submergint en un m\u00f3n fascinant, envoltat de persones meravelloses, plenes de saviesa, m\u00fasica, i un profund respecte i estima per aquesta professi\u00f3 que he escollit.<\/p>\n<\/div>\n<\/div><\/div>\n\n\n\n<div class=\"wp-block-uagb-container uagb-block-bce67eba alignfull uagb-is-root-container\"><div class=\"uagb-container-inner-blocks-wrap\">\n<div class=\"wp-block-uagb-container uagb-block-dd6cea9c\">\n<div class=\"wp-block-uagb-info-box uagb-block-0a0395e9 uagb-infobox__content-wrap  uagb-infobox-icon-above-title uagb-infobox-image-valign-top\"><div class=\"uagb-ifb-content\"><div class=\"uagb-ifb-title-wrap\"><h3 class=\"uagb-ifb-title-prefix\">La m\u00fasica \u00e9s el llenguatge de l\u2019\u00e0nima, i cada piano mereix ser escoltat amb la seva veu \u00fanica.<\/h3><p class=\"uagb-ifb-title\">alejo Carretto<\/p><\/div><\/div><\/div>\n<\/div>\n\n\n\n<div class=\"wp-block-uagb-container uagb-block-9e85a772\">      \n\t\t\t<div class=\"uagb-icon-wrapper uagb-block-40e8186c  wp-block-uagb-icon--has-margin\"\n\t\t\tstyle=\"\" >\n\t\t\t\t\t\t\t\t<div class='uagb-icon-margin-wrapper'>\n\t\t\t\t\t\t\t\t\t<span class=\"uagb-svg-wrapper\" \n\t\t\t\t\t aria-label=\"quote-right\"\t\t\t\t\ttabindex=\"0\">\t\t\n\t\t\t\t\t\t\t\t\t\t<svg xmlns=\"https:\/\/www.w3.org\/2000\/svg\" viewbox= \"0 0 448 512\" role=\"graphics-symbol\" aria-hidden=\"false\" aria-label=\"\"><path d=\"M96 96C42.98 96 0 138.1 0 192s42.98 96 96 96c11.28 0 21.95-2.305 32-5.879V288c0 35.3-28.7 64-64 64c-17.67 0-32 14.33-32 32s14.33 32 32 32c70.58 0 128-57.42 128-128V192C192 138.1 149 96 96 96zM448 192c0-53.02-42.98-96-96-96s-96 42.98-96 96s42.98 96 96 96c11.28 0 21.95-2.305 32-5.879V288c0 35.3-28.7 64-64 64c-17.67 0-32 14.33-32 32s14.33 32 32 32c70.58 0 128-57.42 128-128V192z\"><\/path><\/svg>\n\t\t\t\t\t\t\t\t\t<\/span>\n\t\t\t\t\t\t\t\t<\/div>\n\t\t\t\t\t\t\t<\/div>\n\t\t\t<\/div>\n<\/div><\/div>\n\n\n\n<div class=\"wp-block-uagb-container uagb-block-ed6a7a4e alignfull uagb-is-root-container\"><div class=\"uagb-container-inner-blocks-wrap\">\n<div class=\"wp-block-uagb-container uagb-block-1ecaf3d6\">\n<div class=\"wp-block-uagb-advanced-heading uagb-block-94a6fd41\"><div class=\"uagb-heading-text\">Cada piano t\u00e9 una hist\u00f2ria, i la idea \u00e9s preservar-la i restaurar-la.<\/div><\/div>\n<\/div>\n\n\n\n<div class=\"wp-block-uagb-container uagb-block-63d6fc23\">\n<div class=\"wp-block-uagb-info-box uagb-block-5498914e uagb-infobox__content-wrap  uagb-infobox-icon-above-title uagb-infobox-image-valign-top\"><div class=\"uagb-ifb-content\"><div class=\"uagb-ifb-title-wrap\"><span class=\"uagb-ifb-title-prefix\">ARTESANIA MUSICAL<\/span><h3 class=\"uagb-ifb-title\">La filosofia darrere de Pianos Carretto: un enfocament personal en cada instrument<\/h3><\/div><\/div><\/div>\n\n\n\n<div class=\"wp-block-uagb-container uagb-block-cd37ab70\">\n<div class=\"wp-block-uagb-container uagb-block-3a032b26\">\n<div class=\"wp-block-uagb-advanced-heading uagb-block-14020d87\"><p class=\"uagb-desc-text\">Creiem que cada piano t\u00e9 una identitat pr\u00f2pia i mereix ser tractat amb respecte. <br>El nostre enfocament artesanal garanteix que cada detall sigui cuidat meticulosament, sense presses.<\/p><\/div>\n\n\n\n<div class=\"wp-block-uagb-advanced-heading uagb-block-0d9c1e7f uag-hide-tab uag-hide-mob\"><p class=\"uagb-desc-text\">L\u2019afinaci\u00f3 i la restauraci\u00f3 s\u00f3n m\u00e9s que un ofici; s\u00f3n un art. <br>Ens esforcem per reviure l\u2019esperit de cada piano, ajudant els m\u00fasics a assolir el seu m\u00e0xim potencial.<\/p><\/div>\n<\/div>\n\n\n\n<div class=\"wp-block-uagb-container uagb-block-2ae43c58\">\n<div class=\"wp-block-uagb-image alignright uagb-block-7c1a1e64 wp-block-uagb-image--layout-default wp-block-uagb-image--effect-static wp-block-uagb-image--align-right\"><figure class=\"wp-block-uagb-image__figure\"><img decoding=\"async\" srcset=\"https:\/\/pianoscarretto.com\/wp-content\/uploads\/2025\/04\/pianoscarretto3-768x1024.jpeg ,https:\/\/pianoscarretto.com\/wp-content\/uploads\/2025\/04\/pianoscarretto3.jpeg 780w, https:\/\/pianoscarretto.com\/wp-content\/uploads\/2025\/04\/pianoscarretto3.jpeg 360w\" sizes=\"auto, (max-width: 480px) 150px\" src=\"https:\/\/pianoscarretto.com\/wp-content\/uploads\/2025\/04\/pianoscarretto3-768x1024.jpeg\" alt=\"\" class=\"uag-image-14\" width=\"300\" height=\"230\" title=\"pianoscarretto3\" loading=\"lazy\" role=\"img\"\/><\/figure><\/div>\n<\/div>\n<\/div>\n<\/div>\n<\/div><\/div>\n\n\n\n<div class=\"wp-block-uagb-container uagb-block-363932a2 alignfull uagb-is-root-container\"><div class=\"uagb-container-inner-blocks-wrap\">\n<figure class=\"wp-block-embed is-type-video is-provider-youtube wp-block-embed-youtube wp-embed-aspect-16-9 wp-has-aspect-ratio\" style=\"margin-top:var(--wp--preset--spacing--60);margin-bottom:var(--wp--preset--spacing--60)\"><div class=\"wp-block-embed__wrapper\">\n<iframe loading=\"lazy\" title=\"Compartimos un caf\u00e9 con Alejo Carretto.- NVR 12 07 22\" width=\"500\" height=\"281\" src=\"https:\/\/www.youtube.com\/embed\/dQ0XV7wUx6M?feature=oembed\" frameborder=\"0\" allow=\"accelerometer; autoplay; clipboard-write; encrypted-media; gyroscope; picture-in-picture; web-share\" referrerpolicy=\"strict-origin-when-cross-origin\" allowfullscreen><\/iframe>\n<\/div><\/figure>\n<\/div><\/div>\n\n\n\n<div id=\"subscribe\" class=\"wp-block-uagb-container uagb-block-26c453a4 alignfull uagb-is-root-container\"><div class=\"uagb-container-inner-blocks-wrap\">\n<div class=\"wp-block-uagb-container uagb-block-0f3221ef\">\n<div class=\"wp-block-uagb-advanced-heading uagb-block-0cd55abe\"><div class=\"uagb-heading-text\">Connecta amb nosaltres<\/div><div class=\"uagb-separator\"><\/div><\/div>\n<\/div>\n\n\n\n<div class=\"wp-block-uagb-container uagb-block-010e42ae\">\n<div class=\"wp-block-uagb-info-box uagb-block-c6dbcb17 uagb-infobox__content-wrap  uagb-infobox-icon-above-title uagb-infobox-image-valign-top\"><div class=\"uagb-ifb-content\"><div class=\"uagb-ifb-title-wrap\"><h3 class=\"uagb-ifb-title-prefix\">T\u2019interessa afinar, reparar o restaurar el teu piano?<\/h3><h4 class=\"uagb-ifb-title\">Deixa\u2019ns el teu correu i et respondrem personalment per assessorar-te.<br><\/h4><\/div><\/div><\/div>\n\n\n\n<div class=\"wp-block-uagb-forms uagb-forms__outer-wrap uagb-block-6ab74b5e uagb-forms__default-btn\"><form class=\"uagb-forms-main-form\" method=\"post\" autocomplete=\"on\" name=\"uagb-form-6ab74b5e\" action=\"\">\n<div class=\"wp-block-uagb-forms-email uagb-forms-email-wrap uagb-forms-field-set uagb-block-1e679f4f\"><div class=\"uagb-forms-email-label required uagb-forms-input-label\" id=\"1e679f4f\">Correu electr\u00f2nic<\/div><input type=\"email\" class=\"uagb-forms-email-input uagb-forms-input\" placeholder=\"La teva adre\u00e7a de correu electr\u00f2nic\" required name=\"1e679f4f\" autocomplete=\"email\"\/><\/div>\n<div class=\"uagb-forms-form-hidden-data\"><input type=\"hidden\" class=\"uagb_forms_form_label\" value=\"Spectra Form\"\/><input type=\"hidden\" class=\"uagb_forms_form_id\" value=\"uagb-form-6ab74b5e\"\/><\/div><div class=\"uagb-form-reacaptcha-error-6ab74b5e\"><\/div><div class=\"uagb-forms-main-submit-button-wrap wp-block-button\"><button class=\"uagb-forms-main-submit-button wp-block-button__link\"><div class=\"uagb-forms-main-submit-button-text\">Enviar consulta<\/div><\/button><\/div><input type=\"hidden\" name=\"trp-form-language\" value=\"ca\"\/><\/form><div class=\"uagb-forms-success-message-6ab74b5e uagb-forms-submit-message-hide\"><span>The form has been submitted successfully!<\/span><\/div><div class=\"uagb-forms-failed-message-6ab74b5e uagb-forms-submit-message-hide\"><span>There has been some error while submitting the form. Please verify all form fields again.<\/span><\/div><\/div>\n<\/div>\n<\/div><\/div>","protected":false},"excerpt":{"rendered":"<p>Mi contacto con los pianos comenz\u00f3 desde muy peque\u00f1o,&nbsp;en la casa de mis abuelos, donde hab\u00eda un piano abierto para que todos lo toc\u00e1ramos.&nbsp;Disfrutaba&nbsp;escuchar a mi madre tocar en reuniones familiares durante muchos a\u00f1os, y fui creciendo en ese mundo musical lleno de momentos m\u00e1gicos, donde se generaba un ambiente muy c\u00e1lido. Con el tiempo,&nbsp;me [&hellip;]<\/p>","protected":false},"author":1,"featured_media":0,"parent":0,"menu_order":0,"comment_status":"closed","ping_status":"closed","template":"","meta":{"_uag_custom_page_level_css":"","site-sidebar-layout":"no-sidebar","site-content-layout":"","ast-site-content-layout":"normal-width-container","site-content-style":"default","site-sidebar-style":"default","ast-global-header-display":"","ast-banner-title-visibility":"","ast-main-header-display":"","ast-hfb-above-header-display":"","ast-hfb-below-header-display":"","ast-hfb-mobile-header-display":"","site-post-title":"disabled","ast-breadcrumbs-content":"","ast-featured-img":"","footer-sml-layout":"","ast-disable-related-posts":"","theme-transparent-header-meta":"enabled","adv-header-id-meta":"","stick-header-meta":"","header-above-stick-meta":"","header-main-stick-meta":"","header-below-stick-meta":"","astra-migrate-meta-layouts":"default","ast-page-background-enabled":"default","ast-page-background-meta":{"desktop":{"background-color":"var(--ast-global-color-4)","background-image":"","background-repeat":"repeat","background-position":"center center","background-size":"auto","background-attachment":"scroll","background-type":"","background-media":"","overlay-type":"","overlay-color":"","overlay-opacity":"","overlay-gradient":""},"tablet":{"background-color":"","background-image":"","background-repeat":"repeat","background-position":"center center","background-size":"auto","background-attachment":"scroll","background-type":"","background-media":"","overlay-type":"","overlay-color":"","overlay-opacity":"","overlay-gradient":""},"mobile":{"background-color":"","background-image":"","background-repeat":"repeat","background-position":"center center","background-size":"auto","background-attachment":"scroll","background-type":"","background-media":"","overlay-type":"","overlay-color":"","overlay-opacity":"","overlay-gradient":""}},"ast-content-background-meta":{"desktop":{"background-color":"var(--ast-global-color-5)","background-image":"","background-repeat":"repeat","background-position":"center center","background-size":"auto","background-attachment":"scroll","background-type":"","background-media":"","overlay-type":"","overlay-color":"","overlay-opacity":"","overlay-gradient":""},"tablet":{"background-color":"var(--ast-global-color-5)","background-image":"","background-repeat":"repeat","background-position":"center center","background-size":"auto","background-attachment":"scroll","background-type":"","background-media":"","overlay-type":"","overlay-color":"","overlay-opacity":"","overlay-gradient":""},"mobile":{"background-color":"var(--ast-global-color-5)","background-image":"","background-repeat":"repeat","background-position":"center center","background-size":"auto","background-attachment":"scroll","background-type":"","background-media":"","overlay-type":"","overlay-color":"","overlay-opacity":"","overlay-gradient":""}},"footnotes":""},"class_list":["post-34","page","type-page","status-publish","hentry"],"uagb_featured_image_src":{"full":false,"thumbnail":false,"medium":false,"medium_large":false,"large":false,"1536x1536":false,"2048x2048":false,"trp-custom-language-flag":false},"uagb_author_info":{"display_name":"Pianos Carretto","author_link":"https:\/\/pianoscarretto.com\/ca\/author\/pianoscarrettowebgmail-com\/"},"uagb_comment_info":0,"uagb_excerpt":"Mi contacto con los pianos comenz\u00f3 desde muy peque\u00f1o,&nbsp;en la casa de mis abuelos, donde hab\u00eda un piano abierto para que todos lo toc\u00e1ramos.&nbsp;Disfrutaba&nbsp;escuchar a mi madre tocar en reuniones familiares durante muchos a\u00f1os, y fui creciendo en ese mundo musical lleno de momentos m\u00e1gicos, donde se generaba un ambiente muy c\u00e1lido. Con el tiempo,&nbsp;me&hellip;","_links":{"self":[{"href":"https:\/\/pianoscarretto.com\/ca\/wp-json\/wp\/v2\/pages\/34","targetHints":{"allow":["GET"]}}],"collection":[{"href":"https:\/\/pianoscarretto.com\/ca\/wp-json\/wp\/v2\/pages"}],"about":[{"href":"https:\/\/pianoscarretto.com\/ca\/wp-json\/wp\/v2\/types\/page"}],"author":[{"embeddable":true,"href":"https:\/\/pianoscarretto.com\/ca\/wp-json\/wp\/v2\/users\/1"}],"replies":[{"embeddable":true,"href":"https:\/\/pianoscarretto.com\/ca\/wp-json\/wp\/v2\/comments?post=34"}],"version-history":[{"count":17,"href":"https:\/\/pianoscarretto.com\/ca\/wp-json\/wp\/v2\/pages\/34\/revisions"}],"predecessor-version":[{"id":652,"href":"https:\/\/pianoscarretto.com\/ca\/wp-json\/wp\/v2\/pages\/34\/revisions\/652"}],"wp:attachment":[{"href":"https:\/\/pianoscarretto.com\/ca\/wp-json\/wp\/v2\/media?parent=34"}],"curies":[{"name":"wp","href":"https:\/\/api.w.org\/{rel}","templated":true}]}}