{"id":35,"date":"2025-04-18T12:06:48","date_gmt":"2025-04-18T12:06:48","guid":{"rendered":"https:\/\/pianoscarretto.com\/blog\/"},"modified":"2025-05-02T15:38:36","modified_gmt":"2025-05-02T15:38:36","slug":"blog","status":"publish","type":"page","link":"https:\/\/pianoscarretto.com\/ca\/blog\/","title":{"rendered":"Blog"},"content":{"rendered":"<div class=\"wp-block-uagb-container uagb-block-65a8e191 alignfull uagb-is-root-container\"><div class=\"uagb-container-inner-blocks-wrap\">\n<div class=\"wp-block-uagb-info-box uagb-block-e42f1764 uagb-infobox__content-wrap  uagb-infobox-icon-above-title uagb-infobox-image-valign-top\"><div class=\"uagb-ifb-content\"><div class=\"uagb-ifb-title-wrap\"><h1 class=\"uagb-ifb-title-prefix\">Explorant el m\u00f3n del piano<\/h1><p class=\"uagb-ifb-title\">Consells, trucs i not\u00edcies sobre l\u2019afinaci\u00f3 i el manteniment dels pianos.<\/p><\/div><\/div><\/div>\n<\/div><\/div>\n\n\n\n<div class=\"wp-block-uagb-container uagb-block-3dc14cc0 alignfull uagb-is-root-container\"><div class=\"uagb-container-inner-blocks-wrap\">\n\t\t\t<div class=\"wp-block-uagb-post-grid uagb-post-grid  uagb-post__image-position-top uagb-post__image-enabled uagb-block-f90b8cbe     uagb-post__items uagb-post__columns-3 is-grid uagb-post__columns-tablet-3 uagb-post__columns-mobile-1 uagb-post__equal-height\" data-total=\"1\" style=\"\">\n\n\t\t\t\t\t\t\t\t\t\t\t\t<article class=\"uagb-post__inner-wrap\">\t\t\t\t\t\t\t\t<div class='uagb-post__image'>\n\t\t\t\t\t\t\t\t\t<a href=\"https:\/\/pianoscarretto.com\/ca\/como-preparar-tu-piano-para-el-invierno\/\" target=\"_self\" rel=\"bookmark noopener noreferrer\" class='uagb-image-ratio-1-1'><img loading=\"lazy\" decoding=\"async\" width=\"750\" height=\"732\" src=\"https:\/\/pianoscarretto.com\/wp-content\/uploads\/2025\/04\/afinarpianosencatalunaesfacilporcarrettopianos.jpg\" class=\"attachment-full size-full\" alt=\"afinarpianosencatalunaesfacilporcarrettopianos\" srcset=\"https:\/\/pianoscarretto.com\/wp-content\/uploads\/2025\/04\/afinarpianosencatalunaesfacilporcarrettopianos.jpg 750w, https:\/\/pianoscarretto.com\/wp-content\/uploads\/2025\/04\/afinarpianosencatalunaesfacilporcarrettopianos-300x293.jpg 300w\" sizes=\"auto, (max-width: 750px) 100vw, 750px\" \/>\t\t\t\t\t<\/a>\n\t\t\t\t\t\t\t<\/div>\n\t\t\t\t\t\t<h2 class=\"uagb-post__title uagb-post__text\">\n\t\t\t\t<a href=\"https:\/\/pianoscarretto.com\/ca\/como-preparar-tu-piano-para-el-invierno\/\" target=\"_self\" rel=\"bookmark noopener noreferrer\">Com preparar el teu piano per a l\u2019hivern?<\/a>\n\t\t\t<\/h2>\n\t\t\t\t\t\t<div class='uagb-post__text uagb-post-grid-byline'>\n\t\t\t\t\t\t\t<\/div>\n\t\t\t\t\t\t\t<div class='uagb-post__text uagb-post__excerpt'>\n\t\t\t\t\t<p>Cures espec\u00edfiques en temporada baixa. L\u2019hivern pot ser un repte per a la salut del...\t\t\t\t<\/div>\n\t\t\t\t\t\t<div class=\"uagb-post__text uagb-post__cta wp-block-button\">\n\t\t\t\t<a class=\"wp-block-button__link uagb-text-link\" style=\"\" href=\"https:\/\/pianoscarretto.com\/ca\/como-preparar-tu-piano-para-el-invierno\/\" target=\"_self\" rel=\"bookmark noopener noreferrer\">LLEGIR M\u00c9S<\/a>\n\t\t\t<\/div>\n\t\t\t\n\t\t\t\t\t\t\t\t\t<\/article>\n\t\t\t\t\t\t\t\t\t\t\t\t\t\t\t\t<article class=\"uagb-post__inner-wrap\">\t\t\t\t\t\t\t\t<div class='uagb-post__image'>\n\t\t\t\t\t\t\t\t\t<a href=\"https:\/\/pianoscarretto.com\/ca\/la-importancia-de-la-afinacion-regular-para-tu-piano\/\" target=\"_self\" rel=\"bookmark noopener noreferrer\" class='uagb-image-ratio-1-1'><img loading=\"lazy\" decoding=\"async\" width=\"2560\" height=\"2560\" src=\"https:\/\/pianoscarretto.com\/wp-content\/uploads\/2025\/04\/afinacioneregulacionpianoscarretto-scaled.jpg\" class=\"attachment-full size-full\" alt=\"afinacioneregulacionpi\u0300anoscarretto\" srcset=\"https:\/\/pianoscarretto.com\/wp-content\/uploads\/2025\/04\/afinacioneregulacionpianoscarretto-scaled.jpg 2560w, https:\/\/pianoscarretto.com\/wp-content\/uploads\/2025\/04\/afinacioneregulacionpianoscarretto-300x300.jpg 300w, https:\/\/pianoscarretto.com\/wp-content\/uploads\/2025\/04\/afinacioneregulacionpianoscarretto-1024x1024.jpg 1024w, https:\/\/pianoscarretto.com\/wp-content\/uploads\/2025\/04\/afinacioneregulacionpianoscarretto-150x150.jpg 150w, https:\/\/pianoscarretto.com\/wp-content\/uploads\/2025\/04\/afinacioneregulacionpianoscarretto-768x768.jpg 768w, https:\/\/pianoscarretto.com\/wp-content\/uploads\/2025\/04\/afinacioneregulacionpianoscarretto-1536x1536.jpg 1536w, https:\/\/pianoscarretto.com\/wp-content\/uploads\/2025\/04\/afinacioneregulacionpianoscarretto-2048x2048.jpg 2048w\" sizes=\"auto, (max-width: 2560px) 100vw, 2560px\" \/>\t\t\t\t\t<\/a>\n\t\t\t\t\t\t\t<\/div>\n\t\t\t\t\t\t<h2 class=\"uagb-post__title uagb-post__text\">\n\t\t\t\t<a href=\"https:\/\/pianoscarretto.com\/ca\/la-importancia-de-la-afinacion-regular-para-tu-piano\/\" target=\"_self\" rel=\"bookmark noopener noreferrer\">La import\u00e0ncia de l\u2019afinaci\u00f3 regular del teu piano<\/a>\n\t\t\t<\/h2>\n\t\t\t\t\t\t<div class='uagb-post__text uagb-post-grid-byline'>\n\t\t\t\t\t\t\t<\/div>\n\t\t\t\t\t\t\t<div class='uagb-post__text uagb-post__excerpt'>\n\t\t\t\t\t<p>Tot el que has de saber. Sabies que l\u2019afinaci\u00f3 del teu piano pot ser la...\t\t\t\t<\/div>\n\t\t\t\t\t\t<div class=\"uagb-post__text uagb-post__cta wp-block-button\">\n\t\t\t\t<a class=\"wp-block-button__link uagb-text-link\" style=\"\" href=\"https:\/\/pianoscarretto.com\/ca\/la-importancia-de-la-afinacion-regular-para-tu-piano\/\" target=\"_self\" rel=\"bookmark noopener noreferrer\">LLEGIR M\u00c9S<\/a>\n\t\t\t<\/div>\n\t\t\t\n\t\t\t\t\t\t\t\t\t<\/article>\n\t\t\t\t\t\t\t\t\t\t\t\t\t\t\t\t<article class=\"uagb-post__inner-wrap\">\t\t\t\t\t\t\t\t<div class='uagb-post__image'>\n\t\t\t\t\t\t\t\t\t<a href=\"https:\/\/pianoscarretto.com\/ca\/como-mantener-tu-piano-en-condiciones-optimas\/\" target=\"_self\" rel=\"bookmark noopener noreferrer\" class='uagb-image-ratio-1-1'><img loading=\"lazy\" decoding=\"async\" width=\"750\" height=\"738\" src=\"https:\/\/pianoscarretto.com\/wp-content\/uploads\/2025\/04\/reparacionespioanoscarretto.jpg\" class=\"attachment-full size-full\" alt=\"reparacionespioanoscarretto\" srcset=\"https:\/\/pianoscarretto.com\/wp-content\/uploads\/2025\/04\/reparacionespioanoscarretto.jpg 750w, https:\/\/pianoscarretto.com\/wp-content\/uploads\/2025\/04\/reparacionespioanoscarretto-300x295.jpg 300w\" sizes=\"auto, (max-width: 750px) 100vw, 750px\" \/>\t\t\t\t\t<\/a>\n\t\t\t\t\t\t\t<\/div>\n\t\t\t\t\t\t<h2 class=\"uagb-post__title uagb-post__text\">\n\t\t\t\t<a href=\"https:\/\/pianoscarretto.com\/ca\/como-mantener-tu-piano-en-condiciones-optimas\/\" target=\"_self\" rel=\"bookmark noopener noreferrer\">Com mantenir el teu piano en condicions \u00f2ptimes<\/a>\n\t\t\t<\/h2>\n\t\t\t\t\t\t<div class='uagb-post__text uagb-post-grid-byline'>\n\t\t\t\t\t\t\t<\/div>\n\t\t\t\t\t\t\t<div class='uagb-post__text uagb-post__excerpt'>\n\t\t\t\t\t<p>Consells i recomanacions. Un piano ben cuidat no nom\u00e9s sona millor, sin\u00f3 que tamb\u00e9 t\u00e9...\t\t\t\t<\/div>\n\t\t\t\t\t\t<div class=\"uagb-post__text uagb-post__cta wp-block-button\">\n\t\t\t\t<a class=\"wp-block-button__link uagb-text-link\" style=\"\" href=\"https:\/\/pianoscarretto.com\/ca\/como-mantener-tu-piano-en-condiciones-optimas\/\" target=\"_self\" rel=\"bookmark noopener noreferrer\">LLEGIR M\u00c9S<\/a>\n\t\t\t<\/div>\n\t\t\t\n\t\t\t\t\t\t\t\t\t<\/article>\n\t\t\t\t\t\t\t\t\t\t\t<\/div>\n\t\t\t<\/div><\/div>\n\n\n\n<div id=\"subscribe\" class=\"wp-block-uagb-container uagb-block-26c453a4 alignfull uagb-is-root-container\"><div class=\"uagb-container-inner-blocks-wrap\">\n<div class=\"wp-block-uagb-container uagb-block-0f3221ef\">\n<div class=\"wp-block-uagb-advanced-heading uagb-block-0cd55abe\"><div class=\"uagb-heading-text\">Connecta amb nosaltres<\/div><div class=\"uagb-separator\"><\/div><\/div>\n<\/div>\n\n\n\n<div class=\"wp-block-uagb-container uagb-block-010e42ae\">\n<div class=\"wp-block-uagb-info-box uagb-block-c6dbcb17 uagb-infobox__content-wrap  uagb-infobox-icon-above-title uagb-infobox-image-valign-top\"><div class=\"uagb-ifb-content\"><div class=\"uagb-ifb-title-wrap\"><h3 class=\"uagb-ifb-title-prefix\">T\u2019interessa afinar, reparar o restaurar el teu piano?<\/h3><h4 class=\"uagb-ifb-title\">Deixa\u2019ns el teu correu i et respondrem personalment per assessorar-te.<br><\/h4><\/div><\/div><\/div>\n\n\n\n<div class=\"wp-block-uagb-forms uagb-forms__outer-wrap uagb-block-6ab74b5e uagb-forms__default-btn\"><form class=\"uagb-forms-main-form\" method=\"post\" autocomplete=\"on\" name=\"uagb-form-6ab74b5e\" action=\"\">\n<div class=\"wp-block-uagb-forms-email uagb-forms-email-wrap uagb-forms-field-set uagb-block-1e679f4f\"><div class=\"uagb-forms-email-label required uagb-forms-input-label\" id=\"1e679f4f\">Correu electr\u00f2nic<\/div><input type=\"email\" class=\"uagb-forms-email-input uagb-forms-input\" placeholder=\"La teva adre\u00e7a de correu electr\u00f2nic\" required name=\"1e679f4f\" autocomplete=\"email\"\/><\/div>\n<div class=\"uagb-forms-form-hidden-data\"><input type=\"hidden\" class=\"uagb_forms_form_label\" value=\"Spectra Form\"\/><input type=\"hidden\" class=\"uagb_forms_form_id\" value=\"uagb-form-6ab74b5e\"\/><\/div><div class=\"uagb-form-reacaptcha-error-6ab74b5e\"><\/div><div class=\"uagb-forms-main-submit-button-wrap wp-block-button\"><button class=\"uagb-forms-main-submit-button wp-block-button__link\"><div class=\"uagb-forms-main-submit-button-text\">Enviar consulta<\/div><\/button><\/div><input type=\"hidden\" name=\"trp-form-language\" value=\"ca\"\/><\/form><div class=\"uagb-forms-success-message-6ab74b5e uagb-forms-submit-message-hide\"><span>The form has been submitted successfully!<\/span><\/div><div class=\"uagb-forms-failed-message-6ab74b5e uagb-forms-submit-message-hide\"><span>There has been some error while submitting the form. Please verify all form fields again.<\/span><\/div><\/div>\n<\/div>\n<\/div><\/div>","protected":false},"excerpt":{"rendered":"","protected":false},"author":1,"featured_media":0,"parent":0,"menu_order":0,"comment_status":"closed","ping_status":"closed","template":"","meta":{"_uag_custom_page_level_css":"","site-sidebar-layout":"no-sidebar","site-content-layout":"","ast-site-content-layout":"normal-width-container","site-content-style":"default","site-sidebar-style":"default","ast-global-header-display":"","ast-banner-title-visibility":"","ast-main-header-display":"","ast-hfb-above-header-display":"","ast-hfb-below-header-display":"","ast-hfb-mobile-header-display":"","site-post-title":"disabled","ast-breadcrumbs-content":"","ast-featured-img":"","footer-sml-layout":"","ast-disable-related-posts":"","theme-transparent-header-meta":"enabled","adv-header-id-meta":"","stick-header-meta":"","header-above-stick-meta":"","header-main-stick-meta":"","header-below-stick-meta":"","astra-migrate-meta-layouts":"default","ast-page-background-enabled":"default","ast-page-background-meta":{"desktop":{"background-color":"var(--ast-global-color-4)","background-image":"","background-repeat":"repeat","background-position":"center center","background-size":"auto","background-attachment":"scroll","background-type":"","background-media":"","overlay-type":"","overlay-color":"","overlay-opacity":"","overlay-gradient":""},"tablet":{"background-color":"","background-image":"","background-repeat":"repeat","background-position":"center center","background-size":"auto","background-attachment":"scroll","background-type":"","background-media":"","overlay-type":"","overlay-color":"","overlay-opacity":"","overlay-gradient":""},"mobile":{"background-color":"","background-image":"","background-repeat":"repeat","background-position":"center center","background-size":"auto","background-attachment":"scroll","background-type":"","background-media":"","overlay-type":"","overlay-color":"","overlay-opacity":"","overlay-gradient":""}},"ast-content-background-meta":{"desktop":{"background-color":"var(--ast-global-color-5)","background-image":"","background-repeat":"repeat","background-position":"center center","background-size":"auto","background-attachment":"scroll","background-type":"","background-media":"","overlay-type":"","overlay-color":"","overlay-opacity":"","overlay-gradient":""},"tablet":{"background-color":"var(--ast-global-color-5)","background-image":"","background-repeat":"repeat","background-position":"center center","background-size":"auto","background-attachment":"scroll","background-type":"","background-media":"","overlay-type":"","overlay-color":"","overlay-opacity":"","overlay-gradient":""},"mobile":{"background-color":"var(--ast-global-color-5)","background-image":"","background-repeat":"repeat","background-position":"center center","background-size":"auto","background-attachment":"scroll","background-type":"","background-media":"","overlay-type":"","overlay-color":"","overlay-opacity":"","overlay-gradient":""}},"footnotes":""},"class_list":["post-35","page","type-page","status-publish","hentry"],"uagb_featured_image_src":{"full":false,"thumbnail":false,"medium":false,"medium_large":false,"large":false,"1536x1536":false,"2048x2048":false,"trp-custom-language-flag":false},"uagb_author_info":{"display_name":"Pianos Carretto","author_link":"https:\/\/pianoscarretto.com\/ca\/author\/pianoscarrettowebgmail-com\/"},"uagb_comment_info":0,"uagb_excerpt":null,"_links":{"self":[{"href":"https:\/\/pianoscarretto.com\/ca\/wp-json\/wp\/v2\/pages\/35","targetHints":{"allow":["GET"]}}],"collection":[{"href":"https:\/\/pianoscarretto.com\/ca\/wp-json\/wp\/v2\/pages"}],"about":[{"href":"https:\/\/pianoscarretto.com\/ca\/wp-json\/wp\/v2\/types\/page"}],"author":[{"embeddable":true,"href":"https:\/\/pianoscarretto.com\/ca\/wp-json\/wp\/v2\/users\/1"}],"replies":[{"embeddable":true,"href":"https:\/\/pianoscarretto.com\/ca\/wp-json\/wp\/v2\/comments?post=35"}],"version-history":[{"count":6,"href":"https:\/\/pianoscarretto.com\/ca\/wp-json\/wp\/v2\/pages\/35\/revisions"}],"predecessor-version":[{"id":603,"href":"https:\/\/pianoscarretto.com\/ca\/wp-json\/wp\/v2\/pages\/35\/revisions\/603"}],"wp:attachment":[{"href":"https:\/\/pianoscarretto.com\/ca\/wp-json\/wp\/v2\/media?parent=35"}],"curies":[{"name":"wp","href":"https:\/\/api.w.org\/{rel}","templated":true}]}}