{"id":376,"date":"2025-04-23T18:01:05","date_gmt":"2025-04-23T18:01:05","guid":{"rendered":"https:\/\/pianoscarretto.com\/?page_id=376"},"modified":"2025-05-09T09:34:49","modified_gmt":"2025-05-09T09:34:49","slug":"servicios","status":"publish","type":"page","link":"https:\/\/pianoscarretto.com\/ca\/servicios\/","title":{"rendered":"Serveis"},"content":{"rendered":"<div class=\"wp-block-uagb-container uagb-block-219aef8b alignfull uagb-is-root-container\"><div class=\"uagb-container-inner-blocks-wrap\">\n<h2 class=\"wp-block-heading has-text-align-center has-ast-global-color-5-color has-text-color has-link-color has-x-large-font-size wp-elements-4fced634a57094d7d7346f6e96751260\">Serveis<\/h2>\n<\/div><\/div>\n\n\n\n<div class=\"wp-block-uagb-container uagb-block-mgcpeons alignfull uagb-is-root-container\"><div class=\"uagb-container-inner-blocks-wrap\">\n<div class=\"wp-block-uagb-info-box uagb-block-0kbv9gxq uagb-infobox__content-wrap  uagb-infobox-icon-above-title uagb-infobox-image-valign-top\"><div class=\"uagb-ifb-content\"><div class=\"uagb-ifb-title-wrap\"><h2 class=\"uagb-ifb-title\">Servei d\u2019afinaci\u00f3 i regulaci\u00f3 de pianos<\/h2><\/div><p class=\"uagb-ifb-desc\">Un servei personalitzat d\u2019afinaci\u00f3, regulaci\u00f3 i restauraci\u00f3, dedicat a cuidar el teu piano amb l\u2019atenci\u00f3 que es mereix.<\/p><\/div><\/div>\n\n\n\n<div class=\"wp-block-uagb-container uagb-block-h8eryh7i\">\n<div class=\"wp-block-uagb-container uagb-block-flz74ppn\">\n<div class=\"wp-block-uagb-image alignleft uagb-block-eajxwewg wp-block-uagb-image--layout-default wp-block-uagb-image--effect-static wp-block-uagb-image--align-left\"><figure class=\"wp-block-uagb-image__figure\"><img decoding=\"async\" srcset=\"https:\/\/pianoscarretto.com\/wp-content\/uploads\/2025\/04\/pianoscarretto2-768x1024.jpeg ,https:\/\/pianoscarretto.com\/wp-content\/uploads\/2025\/04\/pianoscarretto2.jpeg 780w, https:\/\/pianoscarretto.com\/wp-content\/uploads\/2025\/04\/pianoscarretto2.jpeg 360w\" sizes=\"auto, (max-width: 480px) 150px\" src=\"https:\/\/pianoscarretto.com\/wp-content\/uploads\/2025\/04\/pianoscarretto2-768x1024.jpeg\" alt=\"servicios de afinaci\u00f3n y restauraci\u00f3n de pianos en Catalu\u00f1a \u2013 Pianos Carretto\" class=\"uag-image-13\" width=\"368\" height=\"450\" title=\"\" loading=\"lazy\" role=\"img\"\/><\/figure><\/div>\n\n\n\n<div class=\"wp-block-uagb-info-box uagb-block-rgzcurmh uagb-infobox__content-wrap  uagb-infobox-icon-above-title uagb-infobox-image-valign-top\"><div class=\"uagb-ifb-content\"><div class=\"uagb-ifb-title-wrap\"><h3 class=\"uagb-ifb-title\">Afinaci\u00f3 de pianos a Catalunya<\/h3><\/div><p class=\"uagb-ifb-desc\">M\u2019ocupo personalment d\u2019afinar el teu piano seguint les recomanacions dels fabricants, per millorar-ne el so, allargar la seva vida \u00fatil i mantenir el seu car\u00e0cter aut\u00e8ntic.<\/p><\/div><\/div>\n\n\n\n<div class=\"wp-block-uagb-buttons uagb-buttons__outer-wrap uagb-btn__default-btn uagb-btn-tablet__default-btn uagb-btn-mobile__default-btn uagb-block-z01nr8hc\"><div class=\"uagb-buttons__wrap uagb-buttons-layout-wrap\">\n<div class=\"wp-block-uagb-buttons-child uagb-buttons__outer-wrap uagb-block-pguit0ua wp-block-button\"><div class=\"uagb-button__wrapper\"><a class=\"uagb-buttons-repeater wp-block-button__link\" aria-label=\"\" href=\"https:\/\/pianoscarretto.com\/ca\/afinacion-pianos-en-cataluna\/\" rel=\"follow noopener\" target=\"_self\" role=\"button\"><div class=\"uagb-button__link\">Veure m\u00e9s<\/div><span class=\"uagb-button__icon uagb-button__icon-position-after\"><svg xmlns=\"https:\/\/www.w3.org\/2000\/svg\" viewbox=\"0 0 320 512\" aria-hidden=\"true\" focussable=\"false\"><path d=\"M96 480c-8.188 0-16.38-3.125-22.62-9.375c-12.5-12.5-12.5-32.75 0-45.25L242.8 256L73.38 86.63c-12.5-12.5-12.5-32.75 0-45.25s32.75-12.5 45.25 0l192 192c12.5 12.5 12.5 32.75 0 45.25l-192 192C112.4 476.9 104.2 480 96 480z\"><\/path><\/svg><\/span><\/a><\/div><\/div>\n<\/div><\/div>\n<\/div>\n\n\n\n<div class=\"wp-block-uagb-container uagb-block-obl9kw4x\">\n<div class=\"wp-block-uagb-image alignleft uagb-block-luqbvwr4 wp-block-uagb-image--layout-default wp-block-uagb-image--effect-static wp-block-uagb-image--align-left\"><figure class=\"wp-block-uagb-image__figure\"><img decoding=\"async\" srcset=\"https:\/\/pianoscarretto.com\/wp-content\/uploads\/2025\/04\/regulaciondepianoscarrettopianos-768x1024.jpg ,https:\/\/pianoscarretto.com\/wp-content\/uploads\/2025\/04\/regulaciondepianoscarrettopianos-scaled.jpg 780w, https:\/\/pianoscarretto.com\/wp-content\/uploads\/2025\/04\/regulaciondepianoscarrettopianos-scaled.jpg 360w\" sizes=\"auto, (max-width: 480px) 150px\" src=\"https:\/\/pianoscarretto.com\/wp-content\/uploads\/2025\/04\/regulaciondepianoscarrettopianos-768x1024.jpg\" alt=\"servicios de afinaci\u00f3n y restauraci\u00f3n de pianos en Catalu\u00f1a \u2013 Pianos Carretto\" class=\"uag-image-450\" width=\"368\" height=\"450\" title=\"\" loading=\"lazy\" role=\"img\"\/><\/figure><\/div>\n\n\n\n<div class=\"wp-block-uagb-info-box uagb-block-w2z6ugdn uagb-infobox__content-wrap  uagb-infobox-icon-above-title uagb-infobox-image-valign-top\"><div class=\"uagb-ifb-content\"><div class=\"uagb-ifb-title-wrap\"><h3 class=\"uagb-ifb-title\">Regulaci\u00f3<\/h3><\/div><p class=\"uagb-ifb-desc\">Ajusto manualment el mecanisme del teu piano per retornar-li precisi\u00f3, sensibilitat i velocitat de repetici\u00f3, aconseguint una millor resposta al tacte i m\u00e9s plaer a l\u2019hora de tocar.<\/p><\/div><\/div>\n\n\n\n<div class=\"wp-block-buttons is-layout-flex wp-block-buttons-is-layout-flex\">\n<div class=\"wp-block-button\"><a class=\"wp-block-button__link wp-element-button\" href=\"https:\/\/pianoscarretto.com\/ca\/regulacion-pianos-cataluna\/\">Veure m\u00e9s<\/a><\/div>\n<\/div>\n<\/div>\n\n\n\n<div class=\"wp-block-uagb-container uagb-block-kme4vijv\">\n<div class=\"wp-block-uagb-image alignleft uagb-block-ckqbelzw wp-block-uagb-image--layout-default wp-block-uagb-image--effect-static wp-block-uagb-image--align-left\"><figure class=\"wp-block-uagb-image__figure\"><img decoding=\"async\" srcset=\"https:\/\/pianoscarretto.com\/wp-content\/uploads\/2025\/04\/reparacionesrestauracionescarrettopianos.jpg ,https:\/\/pianoscarretto.com\/wp-content\/uploads\/2025\/04\/reparacionesrestauracionescarrettopianos.jpg 780w, https:\/\/pianoscarretto.com\/wp-content\/uploads\/2025\/04\/reparacionesrestauracionescarrettopianos.jpg 360w\" sizes=\"auto, (max-width: 480px) 150px\" src=\"https:\/\/pianoscarretto.com\/wp-content\/uploads\/2025\/04\/reparacionesrestauracionescarrettopianos.jpg\" alt=\"servicios de afinaci\u00f3n y restauraci\u00f3n de pianos en Catalu\u00f1a \u2013 Pianos Carretto\" class=\"uag-image-452\" width=\"368\" height=\"450\" title=\"\" loading=\"lazy\" role=\"img\"\/><\/figure><\/div>\n\n\n\n<div class=\"wp-block-uagb-info-box uagb-block-ul3gsjgt uagb-infobox__content-wrap  uagb-infobox-icon-above-title uagb-infobox-image-valign-top\"><div class=\"uagb-ifb-content\"><div class=\"uagb-ifb-title-wrap\"><h3 class=\"uagb-ifb-title\">Reparacions i restauracions<\/h3><\/div><p class=\"uagb-ifb-desc\">Treballo amb dedicaci\u00f3 en cada reparaci\u00f3 o restauraci\u00f3, recuperant l\u2019ess\u00e8ncia del teu piano, el seu valor musical i la seva bellesa original.<br><br><\/p><\/div><\/div>\n\n\n\n<div class=\"wp-block-buttons is-horizontal is-content-justification-left is-layout-flex wp-container-core-buttons-is-layout-dab07b9e wp-block-buttons-is-layout-flex\">\n<div class=\"wp-block-button\"><a class=\"wp-block-button__link wp-element-button\" href=\"https:\/\/pianoscarretto.com\/ca\/reparacion-restauracion-pianos-cataluna\/\">Veure m\u00e9s<\/a><\/div>\n<\/div>\n<\/div>\n<\/div>\n\n\n\n<div class=\"wp-block-uagb-container uagb-block-63d89a89\">\n<div class=\"wp-block-uagb-container uagb-block-60bc7328\">\n<div class=\"wp-block-uagb-image aligncenter uagb-block-109065cf wp-block-uagb-image--layout-default wp-block-uagb-image--effect-static wp-block-uagb-image--align-center alignleft\"><figure class=\"wp-block-uagb-image__figure\"><img decoding=\"async\" srcset=\"https:\/\/pianoscarretto.com\/wp-content\/uploads\/2025\/04\/quierecomprarpianos.png ,https:\/\/pianoscarretto.com\/wp-content\/uploads\/2025\/04\/quierecomprarpianos.png 780w, https:\/\/pianoscarretto.com\/wp-content\/uploads\/2025\/04\/quierecomprarpianos.png 360w\" sizes=\"auto, (max-width: 480px) 150px\" src=\"https:\/\/pianoscarretto.com\/wp-content\/uploads\/2025\/04\/quierecomprarpianos.png\" alt=\"servicios de afinaci\u00f3n y restauraci\u00f3n de pianos en Catalu\u00f1a \u2013 Pianos Carretto\" class=\"uag-image-415\" width=\"345\" height=\"450\" title=\"\" loading=\"lazy\" role=\"img\"\/><\/figure><\/div>\n\n\n\n<div class=\"wp-block-uagb-info-box uagb-block-d68f4566 uagb-infobox__content-wrap  uagb-infobox-icon-above-title uagb-infobox-image-valign-top\"><div class=\"uagb-ifb-content\"><div class=\"uagb-ifb-title-wrap\"><h3 class=\"uagb-ifb-title\"><strong>Est\u00e0s pensant a comprar un piano?<\/strong><br><\/h3><\/div><p class=\"uagb-ifb-desc\">Estic a la teva disposici\u00f3 per assessorar-te de manera gratu\u00efta i ajudar-te a triar el piano m\u00e9s adequat a les teves necessitats.<br><\/p><\/div><\/div>\n\n\n\n<div class=\"wp-block-uagb-buttons uagb-buttons__outer-wrap uagb-btn__default-btn uagb-btn-tablet__default-btn uagb-btn-mobile__default-btn uagb-block-02696574\"><div class=\"uagb-buttons__wrap uagb-buttons-layout-wrap\">\n<div class=\"wp-block-uagb-buttons-child uagb-buttons__outer-wrap uagb-block-5e3cb769 wp-block-button\"><div class=\"uagb-button__wrapper\"><a class=\"uagb-buttons-repeater wp-block-button__link\" aria-label=\"\" href=\"https:\/\/pianoscarretto.com\/ca\/contacto\/\" rel=\"follow noopener\" target=\"_self\" role=\"button\"><div class=\"uagb-button__link\">Contacta\u2019m<\/div><span class=\"uagb-button__icon uagb-button__icon-position-after\"><svg xmlns=\"https:\/\/www.w3.org\/2000\/svg\" viewbox=\"0 0 320 512\" aria-hidden=\"true\" focussable=\"false\"><path d=\"M96 480c-8.188 0-16.38-3.125-22.62-9.375c-12.5-12.5-12.5-32.75 0-45.25L242.8 256L73.38 86.63c-12.5-12.5-12.5-32.75 0-45.25s32.75-12.5 45.25 0l192 192c12.5 12.5 12.5 32.75 0 45.25l-192 192C112.4 476.9 104.2 480 96 480z\"><\/path><\/svg><\/span><\/a><\/div><\/div>\n<\/div><\/div>\n<\/div>\n\n\n\n<div class=\"wp-block-uagb-container uagb-block-91446227\">\n<div class=\"wp-block-uagb-image alignleft uagb-block-49d98380 wp-block-uagb-image--layout-default wp-block-uagb-image--effect-static wp-block-uagb-image--align-left\"><figure class=\"wp-block-uagb-image__figure\"><img decoding=\"async\" srcset=\"https:\/\/pianoscarretto.com\/wp-content\/uploads\/2025\/04\/tasacarretto-Pianos.png ,https:\/\/pianoscarretto.com\/wp-content\/uploads\/2025\/04\/tasacarretto-Pianos.png 780w, https:\/\/pianoscarretto.com\/wp-content\/uploads\/2025\/04\/tasacarretto-Pianos.png 360w\" sizes=\"auto, (max-width: 480px) 150px\" src=\"https:\/\/pianoscarretto.com\/wp-content\/uploads\/2025\/04\/tasacarretto-Pianos.png\" alt=\"servicios de afinaci\u00f3n y restauraci\u00f3n de pianos en Catalu\u00f1a \u2013 Pianos Carretto\" class=\"uag-image-408\" width=\"368\" height=\"450\" title=\"\" loading=\"lazy\" role=\"img\"\/><\/figure><\/div>\n\n\n\n<div class=\"wp-block-uagb-info-box uagb-block-3053ce8f uagb-infobox__content-wrap  uagb-infobox-icon-above-title uagb-infobox-image-valign-top\"><div class=\"uagb-ifb-content\"><div class=\"uagb-ifb-title-wrap\"><h3 class=\"uagb-ifb-title\"><strong>Taxaci\u00f3 de pianos<\/strong><br><\/h3><\/div><p class=\"uagb-ifb-desc\">Si vols con\u00e8ixer el valor real del teu piano, puc fer una taxaci\u00f3 precisa basada en el seu estat i caracter\u00edstiques.<br><br><\/p><\/div><\/div>\n\n\n\n<div class=\"wp-block-buttons is-layout-flex wp-block-buttons-is-layout-flex\">\n<div class=\"wp-block-button\"><a class=\"wp-block-button__link wp-element-button\" href=\"https:\/\/pianoscarretto.com\/ca\/contacto\/\">Contacta\u2019m<\/a><\/div>\n<\/div>\n<\/div>\n\n\n\n<div class=\"wp-block-uagb-container uagb-block-66b304aa\">\n<div class=\"wp-block-uagb-image alignleft uagb-block-0d1853af wp-block-uagb-image--layout-default wp-block-uagb-image--effect-static wp-block-uagb-image--align-left\"><figure class=\"wp-block-uagb-image__figure\"><img decoding=\"async\" srcset=\"https:\/\/pianoscarretto.com\/wp-content\/uploads\/2025\/04\/SERIAL-PIANO-VERTICAL--768x1024.jpg ,https:\/\/pianoscarretto.com\/wp-content\/uploads\/2025\/04\/SERIAL-PIANO-VERTICAL-.jpg 780w, https:\/\/pianoscarretto.com\/wp-content\/uploads\/2025\/04\/SERIAL-PIANO-VERTICAL-.jpg 360w\" sizes=\"auto, (max-width: 480px) 150px\" src=\"https:\/\/pianoscarretto.com\/wp-content\/uploads\/2025\/04\/SERIAL-PIANO-VERTICAL--768x1024.jpg\" alt=\"servicios de afinaci\u00f3n y restauraci\u00f3n de pianos en Catalu\u00f1a \u2013 Pianos Carretto\" class=\"uag-image-406\" width=\"368\" height=\"450\" title=\"\" loading=\"lazy\" role=\"img\"\/><\/figure><\/div>\n\n\n\n<div class=\"wp-block-uagb-info-box uagb-block-68da60f8 uagb-infobox__content-wrap  uagb-infobox-icon-above-title uagb-infobox-image-valign-top\"><div class=\"uagb-ifb-content\"><div class=\"uagb-ifb-title-wrap\"><h3 class=\"uagb-ifb-title\"><strong>Vols saber l\u2019edat del teu piano?<\/strong><br><\/h3><\/div><p class=\"uagb-ifb-desc\">A partir del n\u00famero de s\u00e8rie i la marca, et puc ajudar a con\u00e8ixer la hist\u00f2ria i l\u2019antiguitat del teu instrument.<br><\/p><\/div><\/div>\n\n\n\n<div class=\"wp-block-uagb-buttons uagb-buttons__outer-wrap uagb-btn__default-btn uagb-btn-tablet__default-btn uagb-btn-mobile__default-btn uagb-block-c5694ca8\"><div class=\"uagb-buttons__wrap uagb-buttons-layout-wrap\">\n<div class=\"wp-block-uagb-buttons-child uagb-buttons__outer-wrap uagb-block-4ddcc1b7 wp-block-button\"><div class=\"uagb-button__wrapper\"><a class=\"uagb-buttons-repeater wp-block-button__link\" aria-label=\"\" href=\"https:\/\/pianoscarretto.com\/ca\/conocer-edad-piano\/\" rel=\"follow noopener\" target=\"_self\" role=\"button\"><div class=\"uagb-button__link\">Veure m\u00e9s<\/div><\/a><\/div><\/div>\n<\/div><\/div>\n<\/div>\n<\/div>\n<\/div><\/div>\n\n\n\n<div class=\"wp-block-uagb-container uagb-block-cc8d2df6 alignfull uagb-is-root-container\"><div class=\"uagb-container-inner-blocks-wrap\"><\/div><\/div>\n\n\n\n<div class=\"wp-block-uagb-container uagb-block-b7e9dfcf alignfull uagb-is-root-container\"><div class=\"uagb-container-inner-blocks-wrap\">\t\t\t<div \n\t\t\tclass=\"wp-block-uagb-google-map uagb-google-map__wrap uagb-block-4fd1014f\"\n\t\t\tstyle=\"\" >\n\t\t\t\t<embed\n\t\t\t\t\tclass=\"uagb-google-map__iframe\"\n\t\t\t\t\ttitle=\"Google Map for \"\n\t\t\t\t\tsrc=\"https:\/\/maps.google.com\/maps?q=catalunya%20spain&#038;z=8&#038;hl=es&#038;t=m&#038;output=embed&#038;iwloc=near\"\n\t\t\t\t\twidth=\"640\"\n\t\t\t\t\theight=\"592\"\n\t\t\t\t\tloading=\"lazy\"\n\t\t\t\t><\/embed>\n\t\t\t<\/div>\n\t\t\t<\/div><\/div>\n\n\n\n<div id=\"subscribe\" class=\"wp-block-uagb-container uagb-block-26c453a4 alignfull uagb-is-root-container\"><div class=\"uagb-container-inner-blocks-wrap\">\n<div class=\"wp-block-uagb-container uagb-block-0f3221ef\">\n<div class=\"wp-block-uagb-advanced-heading uagb-block-0cd55abe\"><div class=\"uagb-heading-text\">Connecta amb nosaltres<\/div><div class=\"uagb-separator\"><\/div><\/div>\n<\/div>\n\n\n\n<div class=\"wp-block-uagb-container uagb-block-010e42ae\">\n<div class=\"wp-block-uagb-info-box uagb-block-c6dbcb17 uagb-infobox__content-wrap  uagb-infobox-icon-above-title uagb-infobox-image-valign-top\"><div class=\"uagb-ifb-content\"><div class=\"uagb-ifb-title-wrap\"><h3 class=\"uagb-ifb-title-prefix\">T\u2019interessa afinar, reparar o restaurar el teu piano?<\/h3><h4 class=\"uagb-ifb-title\">Deixa\u2019ns el teu correu i et respondrem personalment per assessorar-te.<br><\/h4><\/div><\/div><\/div>\n\n\n\n<div class=\"wp-block-uagb-forms uagb-forms__outer-wrap uagb-block-6ab74b5e uagb-forms__default-btn\"><form class=\"uagb-forms-main-form\" method=\"post\" autocomplete=\"on\" name=\"uagb-form-6ab74b5e\" action=\"\">\n<div class=\"wp-block-uagb-forms-email uagb-forms-email-wrap uagb-forms-field-set uagb-block-1e679f4f\"><div class=\"uagb-forms-email-label required uagb-forms-input-label\" id=\"1e679f4f\">Correu electr\u00f2nic<\/div><input type=\"email\" class=\"uagb-forms-email-input uagb-forms-input\" placeholder=\"La teva adre\u00e7a de correu electr\u00f2nic\" required name=\"1e679f4f\" autocomplete=\"email\"\/><\/div>\n<div class=\"uagb-forms-form-hidden-data\"><input type=\"hidden\" class=\"uagb_forms_form_label\" value=\"Spectra Form\"\/><input type=\"hidden\" class=\"uagb_forms_form_id\" value=\"uagb-form-6ab74b5e\"\/><\/div><div class=\"uagb-form-reacaptcha-error-6ab74b5e\"><\/div><div class=\"uagb-forms-main-submit-button-wrap wp-block-button\"><button class=\"uagb-forms-main-submit-button wp-block-button__link\"><div class=\"uagb-forms-main-submit-button-text\">Enviar consulta<\/div><\/button><\/div><input type=\"hidden\" name=\"trp-form-language\" value=\"ca\"\/><\/form><div class=\"uagb-forms-success-message-6ab74b5e uagb-forms-submit-message-hide\"><span>The form has been submitted successfully!<\/span><\/div><div class=\"uagb-forms-failed-message-6ab74b5e uagb-forms-submit-message-hide\"><span>There has been some error while submitting the form. Please verify all form fields again.<\/span><\/div><\/div>\n<\/div>\n<\/div><\/div>\n\n\n\n<p><\/p>","protected":false},"excerpt":{"rendered":"<p>Serveis<\/p>","protected":false},"author":1,"featured_media":0,"parent":0,"menu_order":0,"comment_status":"closed","ping_status":"closed","template":"","meta":{"_uag_custom_page_level_css":"","site-sidebar-layout":"default","site-content-layout":"","ast-site-content-layout":"","site-content-style":"default","site-sidebar-style":"default","ast-global-header-display":"","ast-banner-title-visibility":"","ast-main-header-display":"","ast-hfb-above-header-display":"","ast-hfb-below-header-display":"","ast-hfb-mobile-header-display":"","site-post-title":"disabled","ast-breadcrumbs-content":"","ast-featured-img":"","footer-sml-layout":"","ast-disable-related-posts":"","theme-transparent-header-meta":"","adv-header-id-meta":"","stick-header-meta":"","header-above-stick-meta":"","header-main-stick-meta":"","header-below-stick-meta":"","astra-migrate-meta-layouts":"default","ast-page-background-enabled":"default","ast-page-background-meta":{"desktop":{"background-color":"var(--ast-global-color-4)","background-image":"","background-repeat":"repeat","background-position":"center center","background-size":"auto","background-attachment":"scroll","background-type":"","background-media":"","overlay-type":"","overlay-color":"","overlay-opacity":"","overlay-gradient":""},"tablet":{"background-color":"","background-image":"","background-repeat":"repeat","background-position":"center center","background-size":"auto","background-attachment":"scroll","background-type":"","background-media":"","overlay-type":"","overlay-color":"","overlay-opacity":"","overlay-gradient":""},"mobile":{"background-color":"","background-image":"","background-repeat":"repeat","background-position":"center center","background-size":"auto","background-attachment":"scroll","background-type":"","background-media":"","overlay-type":"","overlay-color":"","overlay-opacity":"","overlay-gradient":""}},"ast-content-background-meta":{"desktop":{"background-color":"var(--ast-global-color-5)","background-image":"","background-repeat":"repeat","background-position":"center center","background-size":"auto","background-attachment":"scroll","background-type":"","background-media":"","overlay-type":"","overlay-color":"","overlay-opacity":"","overlay-gradient":""},"tablet":{"background-color":"var(--ast-global-color-5)","background-image":"","background-repeat":"repeat","background-position":"center center","background-size":"auto","background-attachment":"scroll","background-type":"","background-media":"","overlay-type":"","overlay-color":"","overlay-opacity":"","overlay-gradient":""},"mobile":{"background-color":"var(--ast-global-color-5)","background-image":"","background-repeat":"repeat","background-position":"center center","background-size":"auto","background-attachment":"scroll","background-type":"","background-media":"","overlay-type":"","overlay-color":"","overlay-opacity":"","overlay-gradient":""}},"footnotes":""},"class_list":["post-376","page","type-page","status-publish","hentry"],"uagb_featured_image_src":{"full":false,"thumbnail":false,"medium":false,"medium_large":false,"large":false,"1536x1536":false,"2048x2048":false,"trp-custom-language-flag":false},"uagb_author_info":{"display_name":"Pianos Carretto","author_link":"https:\/\/pianoscarretto.com\/ca\/author\/pianoscarrettowebgmail-com\/"},"uagb_comment_info":0,"uagb_excerpt":"Servicios","_links":{"self":[{"href":"https:\/\/pianoscarretto.com\/ca\/wp-json\/wp\/v2\/pages\/376","targetHints":{"allow":["GET"]}}],"collection":[{"href":"https:\/\/pianoscarretto.com\/ca\/wp-json\/wp\/v2\/pages"}],"about":[{"href":"https:\/\/pianoscarretto.com\/ca\/wp-json\/wp\/v2\/types\/page"}],"author":[{"embeddable":true,"href":"https:\/\/pianoscarretto.com\/ca\/wp-json\/wp\/v2\/users\/1"}],"replies":[{"embeddable":true,"href":"https:\/\/pianoscarretto.com\/ca\/wp-json\/wp\/v2\/comments?post=376"}],"version-history":[{"count":32,"href":"https:\/\/pianoscarretto.com\/ca\/wp-json\/wp\/v2\/pages\/376\/revisions"}],"predecessor-version":[{"id":661,"href":"https:\/\/pianoscarretto.com\/ca\/wp-json\/wp\/v2\/pages\/376\/revisions\/661"}],"wp:attachment":[{"href":"https:\/\/pianoscarretto.com\/ca\/wp-json\/wp\/v2\/media?parent=376"}],"curies":[{"name":"wp","href":"https:\/\/api.w.org\/{rel}","templated":true}]}}