{"id":549,"date":"2025-04-28T08:45:15","date_gmt":"2025-04-28T08:45:15","guid":{"rendered":"https:\/\/pianoscarretto.com\/?page_id=549"},"modified":"2025-05-02T15:46:44","modified_gmt":"2025-05-02T15:46:44","slug":"reparacion-restauracion-pianos-cataluna","status":"publish","type":"page","link":"https:\/\/pianoscarretto.com\/ca\/reparacion-restauracion-pianos-cataluna\/","title":{"rendered":"Reparaci\u00f3n restauraci\u00f3n de pianos en catalu\u00f1a"},"content":{"rendered":"<div class=\"wp-block-uagb-container uagb-block-219aef8b alignfull uagb-is-root-container\"><div class=\"uagb-container-inner-blocks-wrap\">\n<h2 class=\"wp-block-heading has-text-align-center has-ast-global-color-5-color has-text-color has-link-color has-x-large-font-size wp-elements-ac5484ef01f5c66412814cd9638ace39\">Reparacions i restauracions de pianos a Catalunya<\/h2>\n<\/div><\/div>\n\n\n\n<div class=\"wp-block-uagb-container uagb-block-bwoymiws alignfull uagb-is-root-container\"><div class=\"uagb-container-inner-blocks-wrap\">\n<div class=\"wp-block-uagb-container uagb-block-ir5axtad\">\n<div class=\"wp-block-uagb-info-box uagb-block-sykf5xv0 uagb-infobox__content-wrap  uagb-infobox-icon-above-title uagb-infobox-image-valign-top\"><div class=\"uagb-ifb-content\"><div class=\"uagb-ifb-title-wrap\"><h1 class=\"uagb-ifb-title\"><strong><strong><strong>Per qu\u00e8 restaurar o reparar el teu piano a temps?<\/strong><\/strong><\/strong><\/h1><\/div><p class=\"uagb-ifb-desc\">1. <strong>Recupera el so i la resposta originals.<\/strong><br>L\u2019instrument torna a sonar com ha de ser, respectant el seu car\u00e0cter \u00fanic.<br><strong>2. Millora l\u2019est\u00e8tica i el valor econ\u00f2mic.<\/strong><br>Un piano ben restaurat \u00e9s m\u00e9s atractiu i conserva millor el seu valor al mercat.<br>3. <strong>Allarga la vida \u00fatil de l\u2019instrument.<\/strong><br>Evita que danys menors es converteixin en problemes majors.<br>4. <strong>Afavoreix una interpretaci\u00f3 c\u00f2moda i fiable.<\/strong><br>Les tecles, martells i mecanismes recuperen la seva precisi\u00f3 i suavitat.<\/p><\/div><\/div>\n<\/div>\n\n\n\n<div class=\"wp-block-uagb-container uagb-block-0rcziv7s\">\n<div class=\"wp-block-uagb-image alignleft uagb-block-zkqnkuiz wp-block-uagb-image--layout-default wp-block-uagb-image--effect-static wp-block-uagb-image--align-left\"><figure class=\"wp-block-uagb-image__figure\"><img decoding=\"async\" srcset=\"https:\/\/pianoscarretto.com\/wp-content\/uploads\/2025\/04\/reparatupianoconcarretto.jpg ,https:\/\/pianoscarretto.com\/wp-content\/uploads\/2025\/04\/reparatupianoconcarretto.jpg 780w, https:\/\/pianoscarretto.com\/wp-content\/uploads\/2025\/04\/reparatupianoconcarretto.jpg 360w\" sizes=\"auto, (max-width: 480px) 150px\" src=\"https:\/\/pianoscarretto.com\/wp-content\/uploads\/2025\/04\/reparatupianoconcarretto.jpg\" alt=\"reparaci\u00f3n y restauraci\u00f3n de pianos en Catalu\u00f1a \u2013 Pianos Carretto\" class=\"uag-image-556\" width=\"270\" height=\"360\" title=\"\" loading=\"lazy\" role=\"img\"\/><\/figure><\/div>\n\n\n\n<div class=\"wp-block-uagb-image alignleft uagb-block-qw1tmuhe wp-block-uagb-image--layout-default wp-block-uagb-image--effect-static wp-block-uagb-image--align-left\"><figure class=\"wp-block-uagb-image__figure\"><img decoding=\"async\" srcset=\"https:\/\/pianoscarretto.com\/wp-content\/uploads\/2025\/04\/reparacionesdepianoscarrettopianos.jpg ,https:\/\/pianoscarretto.com\/wp-content\/uploads\/2025\/04\/reparacionesdepianoscarrettopianos.jpg 780w, https:\/\/pianoscarretto.com\/wp-content\/uploads\/2025\/04\/reparacionesdepianoscarrettopianos.jpg 360w\" sizes=\"auto, (max-width: 480px) 150px\" src=\"https:\/\/pianoscarretto.com\/wp-content\/uploads\/2025\/04\/reparacionesdepianoscarrettopianos.jpg\" alt=\"reparaci\u00f3n y restauraci\u00f3n de pianos en Catalu\u00f1a \u2013 Pianos Carretto\" class=\"uag-image-555\" width=\"270\" height=\"360\" title=\"\" loading=\"lazy\" role=\"img\"\/><\/figure><\/div>\n<\/div>\n<\/div><\/div>\n\n\n\n<div class=\"wp-block-uagb-container uagb-block-8422e75b alignfull uagb-is-root-container\"><div class=\"uagb-container-inner-blocks-wrap\">\n<p>Amb el temps i l\u2019\u00fas, \u00e9s habitual que diverses parts del piano presentin anomalies, desgast o trencaments.<br>A <strong>Pianos Carretto<\/strong> m\u2019encarrego personalment de recuperar i preservar l\u2019originalitat de cada component danyat, mitjan\u00e7ant un treball exhaustiu, detallat i respectu\u00f3s amb l\u2019ess\u00e8ncia de l\u2019instrument.<\/p>\n\n\n\n<p>La restauraci\u00f3 no nom\u00e9s millora l\u2019est\u00e8tica i el valor econ\u00f2mic del piano, sin\u00f3 que tamb\u00e9 optimitza el seu funcionament i allarga la seva vida \u00fatil, permetent una millor resposta en l\u2019execuci\u00f3 musical.<\/p>\n<\/div><\/div>\n\n\n\n<div class=\"wp-block-uagb-container uagb-block-0b491e7e alignfull uagb-is-root-container\"><div class=\"uagb-container-inner-blocks-wrap\">\n<div class=\"wp-block-uagb-advanced-heading uagb-block-b9311a69\"><h2 class=\"uagb-heading-text\">Cada piano t\u00e9 una hist\u00f2ria \u00fanica.<\/h2><\/div>\n<\/div><\/div>\n\n\n\n<div class=\"wp-block-uagb-container uagb-block-06f8e859 alignfull uagb-is-root-container\"><div class=\"uagb-container-inner-blocks-wrap\">\n<p class=\"has-medium-font-size\"><a href=\"https:\/\/pianoscarretto.com\/ca\/contacto\/\" data-type=\"page\" data-id=\"36\">Consulta el teu pressupost sense cost i retorna al teu instrument la qualitat, la bellesa i la vida que es mereix.<\/a><\/p>\n\n\n\n<p class=\"has-medium-font-size\"><\/p>\n<\/div><\/div>\n\n\n<style id=\"wpforms-css-vars-462\">\n\t\t\t\t#wpforms-462 {\n\t\t\t\t--wpforms-container-padding: 0px;\n--wpforms-container-border-width: 1px;\n--wpforms-container-border-radius: 3px;\n--wpforms-background-color: rgba(0, 0, 0, 0);\n--wpforms-field-size-input-height: 43px;\n--wpforms-field-size-input-spacing: 15px;\n--wpforms-field-size-font-size: 16px;\n--wpforms-field-size-line-height: 19px;\n--wpforms-field-size-padding-h: 14px;\n--wpforms-field-size-checkbox-size: 16px;\n--wpforms-field-size-sublabel-spacing: 5px;\n--wpforms-field-size-icon-size: 1;\n--wpforms-label-size-font-size: 16px;\n--wpforms-label-size-line-height: 19px;\n--wpforms-label-size-sublabel-font-size: 14px;\n--wpforms-label-size-sublabel-line-height: 17px;\n--wpforms-button-size-font-size: 17px;\n--wpforms-button-size-height: 41px;\n--wpforms-button-size-padding-h: 15px;\n--wpforms-button-size-margin-top: 10px;\n--wpforms-container-shadow-size-box-shadow: none;\n\t\t\t}\n\t\t\t<\/style><div class=\"wpforms-container wpforms-container-full wpforms-render-modern\" id=\"wpforms-462\"><form id=\"wpforms-form-462\" class=\"wpforms-validate wpforms-form wpforms-ajax-form\" data-formid=\"462\" method=\"post\" enctype=\"multipart\/form-data\" action=\"\/ca\/wp-json\/wp\/v2\/pages\/549\" data-token=\"608631dd7a3869d510b6b693fe057830\" data-token-time=\"1775278458\" data-trp-original-action=\"\/ca\/wp-json\/wp\/v2\/pages\/549\"><noscript class=\"wpforms-error-noscript\">Activeu el JavaScript al navegador per a poder completar el formulari.<\/noscript><div id=\"wpforms-error-noscript\" style=\"display: none;\">Activeu el JavaScript al navegador per a poder completar el formulari.<\/div><div class=\"wpforms-field-container\"><div id=\"wpforms-462-field_1-container\" class=\"wpforms-field wpforms-field-name\" data-field-id=\"1\"><fieldset><legend class=\"wpforms-field-label\">Nom i Cognoms <span class=\"wpforms-required-label\" aria-hidden=\"true\">*<\/span><\/legend><div class=\"wpforms-field-row wpforms-field-medium\"><div class=\"wpforms-field-row-block wpforms-first wpforms-one-half\"><input type=\"text\" id=\"wpforms-462-field_1\" class=\"wpforms-field-name-first wpforms-field-required\" name=\"wpforms[fields][1][first]\" aria-errormessage=\"wpforms-462-field_1-error\" required><label for=\"wpforms-462-field_1\" class=\"wpforms-field-sublabel after\">Nom<\/label><\/div><div class=\"wpforms-field-row-block wpforms-one-half\"><input type=\"text\" id=\"wpforms-462-field_1-last\" class=\"wpforms-field-name-last wpforms-field-required\" name=\"wpforms[fields][1][last]\" aria-errormessage=\"wpforms-462-field_1-last-error\" required><label for=\"wpforms-462-field_1-last\" class=\"wpforms-field-sublabel after\">Cognoms<\/label><\/div><\/div><\/fieldset><\/div><div id=\"wpforms-462-field_2-container\" class=\"wpforms-field wpforms-field-email\" data-field-id=\"2\"><label class=\"wpforms-field-label\" for=\"wpforms-462-field_2\">Correu electr\u00f2nic <span class=\"wpforms-required-label\" aria-hidden=\"true\">*<\/span><\/label><input type=\"email\" id=\"wpforms-462-field_2\" class=\"wpforms-field-medium wpforms-field-required\" name=\"wpforms[fields][2]\" spellcheck=\"false\" aria-errormessage=\"wpforms-462-field_2-error\" required><\/div><div id=\"wpforms-462-field_10-container\" class=\"wpforms-field wpforms-field-number\" data-field-id=\"10\"><label class=\"wpforms-field-label\" for=\"wpforms-462-field_10\">N\u00famero de contacte<\/label><input type=\"number\" id=\"wpforms-462-field_10\" class=\"wpforms-field-medium\" name=\"wpforms[fields][10]\" step=\"any\" aria-errormessage=\"wpforms-462-field_10-error\" ><\/div><div id=\"wpforms-462-field_4-container\" class=\"wpforms-field wpforms-field-radio\" data-field-id=\"4\"><fieldset><legend class=\"wpforms-field-label\">Tipus de piano <span class=\"wpforms-required-label\" aria-hidden=\"true\">*<\/span><\/legend><ul id=\"wpforms-462-field_4\" class=\"wpforms-field-required\"><li class=\"choice-1 depth-1\"><input type=\"radio\" id=\"wpforms-462-field_4_1\" name=\"wpforms[fields][4]\" value=\"Piano Vertical\" aria-errormessage=\"wpforms-462-field_4_1-error\" required><label class=\"wpforms-field-label-inline\" for=\"wpforms-462-field_4_1\">Piano vertical<\/label><\/li><li class=\"choice-2 depth-1\"><input type=\"radio\" id=\"wpforms-462-field_4_2\" name=\"wpforms[fields][4]\" value=\"Piano de Cola\" aria-errormessage=\"wpforms-462-field_4_2-error\" required><label class=\"wpforms-field-label-inline\" for=\"wpforms-462-field_4_2\">Piano de cua<\/label><\/li><\/ul><\/fieldset><\/div><div id=\"wpforms-462-field_5-container\" class=\"wpforms-field wpforms-field-radio\" data-field-id=\"5\"><fieldset><legend class=\"wpforms-field-label\">Quant fa que no afines el teu piano? <span class=\"wpforms-required-label\" aria-hidden=\"true\">*<\/span><\/legend><ul id=\"wpforms-462-field_5\" class=\"wpforms-field-required\"><li class=\"choice-1 depth-1\"><input type=\"radio\" id=\"wpforms-462-field_5_1\" name=\"wpforms[fields][5]\" value=\"Menos de 1 a\u00f1o\" aria-errormessage=\"wpforms-462-field_5_1-error\" required><label class=\"wpforms-field-label-inline\" for=\"wpforms-462-field_5_1\">Menys d\u2019un any<\/label><\/li><li class=\"choice-2 depth-1\"><input type=\"radio\" id=\"wpforms-462-field_5_2\" name=\"wpforms[fields][5]\" value=\"1 a 2 a\u00f1os\" aria-errormessage=\"wpforms-462-field_5_2-error\" required><label class=\"wpforms-field-label-inline\" for=\"wpforms-462-field_5_2\">D\u20191 a 2 anys<\/label><\/li><li class=\"choice-3 depth-1\"><input type=\"radio\" id=\"wpforms-462-field_5_3\" name=\"wpforms[fields][5]\" value=\"3 a\u00f1os\" aria-errormessage=\"wpforms-462-field_5_3-error\" required><label class=\"wpforms-field-label-inline\" for=\"wpforms-462-field_5_3\">3 anys<\/label><\/li><li class=\"choice-4 depth-1\"><input type=\"radio\" id=\"wpforms-462-field_5_4\" name=\"wpforms[fields][5]\" value=\"5 a\u00f1os\" aria-errormessage=\"wpforms-462-field_5_4-error\" required><label class=\"wpforms-field-label-inline\" for=\"wpforms-462-field_5_4\">5 anys<\/label><\/li><li class=\"choice-5 depth-1\"><input type=\"radio\" id=\"wpforms-462-field_5_5\" name=\"wpforms[fields][5]\" value=\"6 a\u00f1os o m\u00e1s\" aria-errormessage=\"wpforms-462-field_5_5-error\" required><label class=\"wpforms-field-label-inline\" for=\"wpforms-462-field_5_5\">6 anys o m\u00e9s<\/label><\/li><li class=\"choice-6 depth-1\"><input type=\"radio\" id=\"wpforms-462-field_5_6\" name=\"wpforms[fields][5]\" value=\"No sabr\u00eda decirte, me lo regalaron\" aria-errormessage=\"wpforms-462-field_5_6-error\" required><label class=\"wpforms-field-label-inline\" for=\"wpforms-462-field_5_6\">No sabria dir-t\u2019ho, me\u2019l van regalar<\/label><\/li><\/ul><\/fieldset><\/div><div id=\"wpforms-462-field_6-container\" class=\"wpforms-field wpforms-field-text\" data-field-id=\"6\"><label class=\"wpforms-field-label\" for=\"wpforms-462-field_6\">Marca del piano<\/label><input type=\"text\" id=\"wpforms-462-field_6\" class=\"wpforms-field-medium\" name=\"wpforms[fields][6]\" aria-errormessage=\"wpforms-462-field_6-error\" ><\/div>\t\t<div id=\"wpforms-462-field_3-container\"\n\t\t\tclass=\"wpforms-field wpforms-field-text\"\n\t\t\tdata-field-type=\"text\"\n\t\t\tdata-field-id=\"3\"\n\t\t\t>\n\t\t\t<label class=\"wpforms-field-label\" for=\"wpforms-462-field_3\" >del Email que<\/label>\n\t\t\t<input type=\"text\" id=\"wpforms-462-field_3\" class=\"wpforms-field-medium\" name=\"wpforms[fields][3]\" >\n\t\t<\/div>\n\t\t<div id=\"wpforms-462-field_11-container\" class=\"wpforms-field wpforms-field-textarea\" data-field-id=\"11\"><label class=\"wpforms-field-label\" for=\"wpforms-462-field_11\">Adre\u00e7a<\/label><textarea id=\"wpforms-462-field_11\" class=\"wpforms-field-medium\" name=\"wpforms[fields][11]\" aria-errormessage=\"wpforms-462-field_11-error\" ><\/textarea><\/div><div id=\"wpforms-462-field_12-container\" class=\"wpforms-field wpforms-field-textarea\" data-field-id=\"12\"><label class=\"wpforms-field-label\" for=\"wpforms-462-field_12\">Data i hora en qu\u00e8 t\u2019agradaria el servei<\/label><textarea id=\"wpforms-462-field_12\" class=\"wpforms-field-medium\" name=\"wpforms[fields][12]\" aria-errormessage=\"wpforms-462-field_12-error\" ><\/textarea><\/div><div id=\"wpforms-462-field_9-container\" class=\"wpforms-field wpforms-field-textarea\" data-field-id=\"9\"><label class=\"wpforms-field-label\" for=\"wpforms-462-field_9\">Observacions del client<\/label><textarea id=\"wpforms-462-field_9\" class=\"wpforms-field-medium\" name=\"wpforms[fields][9]\" aria-errormessage=\"wpforms-462-field_9-error\" ><\/textarea><\/div><script>\n\t\t\t\t( function() {\n\t\t\t\t\tconst style = document.createElement( 'style' );\n\t\t\t\t\tstyle.appendChild( document.createTextNode( '#wpforms-462-field_3-container { position: absolute !important; overflow: hidden !important; display: inline !important; height: 1px !important; width: 1px !important; z-index: -1000 !important; padding: 0 !important; } #wpforms-462-field_3-container input { visibility: hidden; } #wpforms-conversational-form-page #wpforms-462-field_3-container label { counter-increment: none; }' ) );\n\t\t\t\t\tdocument.head.appendChild( style );\n\t\t\t\t\tdocument.currentScript?.remove();\n\t\t\t\t} )();\n\t\t\t<\/script><\/div><!-- .wpforms-field-container --><div class=\"wpforms-submit-container\" ><input type=\"hidden\" name=\"wpforms[id]\" value=\"462\"><input type=\"hidden\" name=\"page_title\" value=\"\"><input type=\"hidden\" name=\"page_url\" value=\"https:\/\/pianoscarretto.com\/ca\/wp-json\/wp\/v2\/pages\/549\"><input type=\"hidden\" name=\"url_referer\" value=\"\"><button type=\"submit\" name=\"wpforms[submit]\" id=\"wpforms-submit-462\" class=\"wpforms-submit\" data-alt-text=\"Enviando...\" data-submit-text=\"Enviar Solicitud\" aria-live=\"assertive\" value=\"wpforms-submit\">Enviar sol\u00b7licitud<\/button><img loading=\"lazy\" decoding=\"async\" src=\"https:\/\/pianoscarretto.com\/wp-content\/plugins\/wpforms-lite\/assets\/images\/submit-spin.svg\" class=\"wpforms-submit-spinner\" style=\"display: none;\" width=\"26\" height=\"26\" alt=\"S&#039;est\u00e0 carregant\"><\/div><input type=\"hidden\" name=\"trp-form-language\" value=\"ca\"\/><\/form><\/div>  <!-- .wpforms-container -->\n\n\n\n<div class=\"wp-block-uagb-container uagb-block-b7e9dfcf alignfull uagb-is-root-container\"><div class=\"uagb-container-inner-blocks-wrap\">\t\t\t<div \n\t\t\tclass=\"wp-block-uagb-google-map uagb-google-map__wrap uagb-block-4fd1014f\"\n\t\t\tstyle=\"\" >\n\t\t\t\t<embed\n\t\t\t\t\tclass=\"uagb-google-map__iframe\"\n\t\t\t\t\ttitle=\"Google Map for \"\n\t\t\t\t\tsrc=\"https:\/\/maps.google.com\/maps?q=catalunya%20spain&#038;z=8&#038;hl=es&#038;t=m&#038;output=embed&#038;iwloc=near\"\n\t\t\t\t\twidth=\"640\"\n\t\t\t\t\theight=\"592\"\n\t\t\t\t\tloading=\"lazy\"\n\t\t\t\t><\/embed>\n\t\t\t<\/div>\n\t\t\t<\/div><\/div>\n\n\n\n<div id=\"subscribe\" class=\"wp-block-uagb-container uagb-block-26c453a4 alignfull uagb-is-root-container\"><div class=\"uagb-container-inner-blocks-wrap\">\n<div class=\"wp-block-uagb-container uagb-block-0f3221ef\">\n<div class=\"wp-block-uagb-advanced-heading uagb-block-0cd55abe\"><div class=\"uagb-heading-text\">Connecta amb nosaltres<\/div><div class=\"uagb-separator\"><\/div><\/div>\n<\/div>\n\n\n\n<div class=\"wp-block-uagb-container uagb-block-010e42ae\">\n<div class=\"wp-block-uagb-info-box uagb-block-c6dbcb17 uagb-infobox__content-wrap  uagb-infobox-icon-above-title uagb-infobox-image-valign-top\"><div class=\"uagb-ifb-content\"><div class=\"uagb-ifb-title-wrap\"><h3 class=\"uagb-ifb-title-prefix\">T\u2019interessa afinar, reparar o restaurar el teu piano?<\/h3><h4 class=\"uagb-ifb-title\">Deixa\u2019ns el teu correu i et respondrem personalment per assessorar-te.<br><\/h4><\/div><\/div><\/div>\n\n\n\n<div class=\"wp-block-uagb-forms uagb-forms__outer-wrap uagb-block-6ab74b5e uagb-forms__default-btn\"><form class=\"uagb-forms-main-form\" method=\"post\" autocomplete=\"on\" name=\"uagb-form-6ab74b5e\" action=\"\">\n<div class=\"wp-block-uagb-forms-email uagb-forms-email-wrap uagb-forms-field-set uagb-block-1e679f4f\"><div class=\"uagb-forms-email-label required uagb-forms-input-label\" id=\"1e679f4f\">Correu electr\u00f2nic<\/div><input type=\"email\" class=\"uagb-forms-email-input uagb-forms-input\" placeholder=\"La teva adre\u00e7a de correu electr\u00f2nic\" required name=\"1e679f4f\" autocomplete=\"email\"\/><\/div>\n<div class=\"uagb-forms-form-hidden-data\"><input type=\"hidden\" class=\"uagb_forms_form_label\" value=\"Spectra Form\"\/><input type=\"hidden\" class=\"uagb_forms_form_id\" value=\"uagb-form-6ab74b5e\"\/><\/div><div class=\"uagb-form-reacaptcha-error-6ab74b5e\"><\/div><div class=\"uagb-forms-main-submit-button-wrap wp-block-button\"><button class=\"uagb-forms-main-submit-button wp-block-button__link\"><div class=\"uagb-forms-main-submit-button-text\">Enviar consulta<\/div><\/button><\/div><input type=\"hidden\" name=\"trp-form-language\" value=\"ca\"\/><\/form><div class=\"uagb-forms-success-message-6ab74b5e uagb-forms-submit-message-hide\"><span>The form has been submitted successfully!<\/span><\/div><div class=\"uagb-forms-failed-message-6ab74b5e uagb-forms-submit-message-hide\"><span>There has been some error while submitting the form. Please verify all form fields again.<\/span><\/div><\/div>\n<\/div>\n<\/div><\/div>\n\n\n\n<p><\/p>","protected":false},"excerpt":{"rendered":"<p>Reparaciones y restauraciones de pianos en Catalu\u00f1a Con el tiempo y el uso, es habitual que distintas partes del piano presenten anomal\u00edas, desgaste o roturas.En Pianos Carretto me ocupo personalmente de recuperar y devolver la originalidad de cada componente da\u00f1ado, mediante un trabajo exhaustivo, detallado y respetuoso con la esencia del instrumento. La restauraci\u00f3n no [&hellip;]<\/p>","protected":false},"author":1,"featured_media":0,"parent":0,"menu_order":0,"comment_status":"closed","ping_status":"closed","template":"","meta":{"_uag_custom_page_level_css":"","site-sidebar-layout":"default","site-content-layout":"","ast-site-content-layout":"","site-content-style":"default","site-sidebar-style":"default","ast-global-header-display":"","ast-banner-title-visibility":"","ast-main-header-display":"","ast-hfb-above-header-display":"","ast-hfb-below-header-display":"","ast-hfb-mobile-header-display":"","site-post-title":"disabled","ast-breadcrumbs-content":"","ast-featured-img":"","footer-sml-layout":"","ast-disable-related-posts":"","theme-transparent-header-meta":"","adv-header-id-meta":"","stick-header-meta":"","header-above-stick-meta":"","header-main-stick-meta":"","header-below-stick-meta":"","astra-migrate-meta-layouts":"default","ast-page-background-enabled":"default","ast-page-background-meta":{"desktop":{"background-color":"var(--ast-global-color-4)","background-image":"","background-repeat":"repeat","background-position":"center center","background-size":"auto","background-attachment":"scroll","background-type":"","background-media":"","overlay-type":"","overlay-color":"","overlay-opacity":"","overlay-gradient":""},"tablet":{"background-color":"","background-image":"","background-repeat":"repeat","background-position":"center center","background-size":"auto","background-attachment":"scroll","background-type":"","background-media":"","overlay-type":"","overlay-color":"","overlay-opacity":"","overlay-gradient":""},"mobile":{"background-color":"","background-image":"","background-repeat":"repeat","background-position":"center center","background-size":"auto","background-attachment":"scroll","background-type":"","background-media":"","overlay-type":"","overlay-color":"","overlay-opacity":"","overlay-gradient":""}},"ast-content-background-meta":{"desktop":{"background-color":"var(--ast-global-color-5)","background-image":"","background-repeat":"repeat","background-position":"center center","background-size":"auto","background-attachment":"scroll","background-type":"","background-media":"","overlay-type":"","overlay-color":"","overlay-opacity":"","overlay-gradient":""},"tablet":{"background-color":"var(--ast-global-color-5)","background-image":"","background-repeat":"repeat","background-position":"center center","background-size":"auto","background-attachment":"scroll","background-type":"","background-media":"","overlay-type":"","overlay-color":"","overlay-opacity":"","overlay-gradient":""},"mobile":{"background-color":"var(--ast-global-color-5)","background-image":"","background-repeat":"repeat","background-position":"center center","background-size":"auto","background-attachment":"scroll","background-type":"","background-media":"","overlay-type":"","overlay-color":"","overlay-opacity":"","overlay-gradient":""}},"footnotes":""},"class_list":["post-549","page","type-page","status-publish","hentry"],"uagb_featured_image_src":{"full":false,"thumbnail":false,"medium":false,"medium_large":false,"large":false,"1536x1536":false,"2048x2048":false,"trp-custom-language-flag":false},"uagb_author_info":{"display_name":"Pianos Carretto","author_link":"https:\/\/pianoscarretto.com\/ca\/author\/pianoscarrettowebgmail-com\/"},"uagb_comment_info":0,"uagb_excerpt":"Reparaciones y restauraciones de pianos en Catalu\u00f1a Con el tiempo y el uso, es habitual que distintas partes del piano presenten anomal\u00edas, desgaste o roturas.En Pianos Carretto me ocupo personalmente de recuperar y devolver la originalidad de cada componente da\u00f1ado, mediante un trabajo exhaustivo, detallado y respetuoso con la esencia del instrumento. La restauraci\u00f3n no&hellip;","_links":{"self":[{"href":"https:\/\/pianoscarretto.com\/ca\/wp-json\/wp\/v2\/pages\/549","targetHints":{"allow":["GET"]}}],"collection":[{"href":"https:\/\/pianoscarretto.com\/ca\/wp-json\/wp\/v2\/pages"}],"about":[{"href":"https:\/\/pianoscarretto.com\/ca\/wp-json\/wp\/v2\/types\/page"}],"author":[{"embeddable":true,"href":"https:\/\/pianoscarretto.com\/ca\/wp-json\/wp\/v2\/users\/1"}],"replies":[{"embeddable":true,"href":"https:\/\/pianoscarretto.com\/ca\/wp-json\/wp\/v2\/comments?post=549"}],"version-history":[{"count":9,"href":"https:\/\/pianoscarretto.com\/ca\/wp-json\/wp\/v2\/pages\/549\/revisions"}],"predecessor-version":[{"id":648,"href":"https:\/\/pianoscarretto.com\/ca\/wp-json\/wp\/v2\/pages\/549\/revisions\/648"}],"wp:attachment":[{"href":"https:\/\/pianoscarretto.com\/ca\/wp-json\/wp\/v2\/media?parent=549"}],"curies":[{"name":"wp","href":"https:\/\/api.w.org\/{rel}","templated":true}]}}