{"id":577,"date":"2025-04-28T09:12:38","date_gmt":"2025-04-28T09:12:38","guid":{"rendered":"https:\/\/pianoscarretto.com\/?page_id=577"},"modified":"2025-05-02T15:41:23","modified_gmt":"2025-05-02T15:41:23","slug":"conocer-edad-piano","status":"publish","type":"page","link":"https:\/\/pianoscarretto.com\/ca\/conocer-edad-piano\/","title":{"rendered":"Con\u00e8ixer l\u2019edat del teu piano"},"content":{"rendered":"<div class=\"wp-block-uagb-container uagb-block-219aef8b alignfull uagb-is-root-container\"><div class=\"uagb-container-inner-blocks-wrap\">\n<h2 class=\"wp-block-heading has-text-align-center has-ast-global-color-5-color has-text-color has-link-color has-x-large-font-size wp-elements-46a042a6ac3e950cca5c2aad2acd8d4b\">Con\u00e8ixer l\u2019edat del teu piano<\/h2>\n<\/div><\/div>\n\n\n\n<div class=\"wp-block-uagb-container uagb-block-bwoymiws alignfull uagb-is-root-container\"><div class=\"uagb-container-inner-blocks-wrap\">\n<div class=\"wp-block-uagb-container uagb-block-ir5axtad\">\n<div class=\"wp-block-uagb-info-box uagb-block-sykf5xv0 uagb-infobox__content-wrap  uagb-infobox-icon-above-title uagb-infobox-image-valign-top\"><div class=\"uagb-ifb-content\"><div class=\"uagb-ifb-title-wrap\"><h1 class=\"uagb-ifb-title\"><strong><strong><strong><strong>Per qu\u00e8 \u00e9s important con\u00e8ixer l\u2019edat del teu piano?<\/strong><\/strong><\/strong><\/strong><\/h1><\/div><p class=\"uagb-ifb-desc\">1. <strong>Determinar el seu valor actual i potencial.<\/strong><br>L\u2019antiguitat influeix en el preu de venda i en les decisions de compra o restauraci\u00f3.<br>2. <strong>Avaluar necessitats de manteniment o restauraci\u00f3.<\/strong><br>Els pianos antics poden requerir intervencions espec\u00edfiques per continuar funcionant correctament.<br>3. <strong>Preservar la hist\u00f2ria i el valor sentimental de l\u2019instrument.<\/strong><br>Con\u00e8ixer-ne l\u2019origen permet respectar-ne la construcci\u00f3 i l\u2019ess\u00e8ncia original.<\/p><\/div><\/div>\n<\/div>\n\n\n\n<div class=\"wp-block-uagb-container uagb-block-0rcziv7s\">\n<div class=\"wp-block-uagb-image alignleft uagb-block-zkqnkuiz wp-block-uagb-image--layout-default wp-block-uagb-image--effect-static wp-block-uagb-image--align-left\"><figure class=\"wp-block-uagb-image__figure\"><img decoding=\"async\" srcset=\"https:\/\/pianoscarretto.com\/wp-content\/uploads\/2025\/04\/SERIAL-PIANO-VERTICAL--768x1024.jpg ,https:\/\/pianoscarretto.com\/wp-content\/uploads\/2025\/04\/SERIAL-PIANO-VERTICAL-.jpg 780w, https:\/\/pianoscarretto.com\/wp-content\/uploads\/2025\/04\/SERIAL-PIANO-VERTICAL-.jpg 360w\" sizes=\"auto, (max-width: 480px) 150px\" src=\"https:\/\/pianoscarretto.com\/wp-content\/uploads\/2025\/04\/SERIAL-PIANO-VERTICAL--768x1024.jpg\" alt=\"conocer la edad de su piano \u2013 Pianos Carretto\" class=\"uag-image-406\" width=\"270\" height=\"360\" title=\"\" loading=\"lazy\" role=\"img\"\/><\/figure><\/div>\n\n\n\n<div class=\"wp-block-uagb-image alignleft uagb-block-qw1tmuhe wp-block-uagb-image--layout-default wp-block-uagb-image--effect-static wp-block-uagb-image--align-left\"><figure class=\"wp-block-uagb-image__figure\"><img decoding=\"async\" srcset=\"https:\/\/pianoscarretto.com\/wp-content\/uploads\/2025\/04\/reparacionesrestauracionescarrettopianos.jpg ,https:\/\/pianoscarretto.com\/wp-content\/uploads\/2025\/04\/reparacionesrestauracionescarrettopianos.jpg 780w, https:\/\/pianoscarretto.com\/wp-content\/uploads\/2025\/04\/reparacionesrestauracionescarrettopianos.jpg 360w\" sizes=\"auto, (max-width: 480px) 150px\" src=\"https:\/\/pianoscarretto.com\/wp-content\/uploads\/2025\/04\/reparacionesrestauracionescarrettopianos.jpg\" alt=\"conocer la edad de su piano \u2013 Pianos Carretto\" class=\"uag-image-452\" width=\"270\" height=\"360\" title=\"\" loading=\"lazy\" role=\"img\"\/><\/figure><\/div>\n<\/div>\n<\/div><\/div>\n\n\n\n<div class=\"wp-block-uagb-container uagb-block-8422e75b alignfull uagb-is-root-container\"><div class=\"uagb-container-inner-blocks-wrap\">\n<p>Con\u00e8ixer l\u2019antiguitat d\u2019un piano no \u00e9s nom\u00e9s una q\u00fcesti\u00f3 de curiositat: tamb\u00e9 \u00e9s fonamental per avaluar-ne l\u2019estat, el valor de mercat i prendre decisions sobre manteniment o restauraci\u00f3.<\/p>\n\n\n\n<p>A <strong>Pianos Carretto<\/strong> t\u2019ajudo a determinar l\u2019edat real del teu instrument, analitzant el n\u00famero de s\u00e8rie, la marca, el model i les caracter\u00edstiques de fabricaci\u00f3 espec\u00edfiques.<\/p>\n\n\n\n<p>Cada piano t\u00e9 una hist\u00f2ria, i descobrir-ne l\u2019origen \u00e9s el primer pas per conservar-lo i valorar-lo com cal.<\/p>\n<\/div><\/div>\n\n\n\n<div class=\"wp-block-uagb-container uagb-block-0b491e7e alignfull uagb-is-root-container\"><div class=\"uagb-container-inner-blocks-wrap\">\n<div class=\"wp-block-uagb-advanced-heading uagb-block-b9311a69\"><h2 class=\"uagb-heading-text\">Si vols con\u00e8ixer l\u2019edat i la hist\u00f2ria del teu piano, no dubtis a contactar amb mi.<\/h2><\/div>\n<\/div><\/div>\n\n\n\n<div class=\"wp-block-uagb-container uagb-block-06f8e859 alignfull uagb-is-root-container\"><div class=\"uagb-container-inner-blocks-wrap\">\n<p class=\"has-medium-font-size\">Li oferir\u00e9 una valoraci\u00f3 professional basada en dades precises i en la meva experi\u00e8ncia t\u00e8cnica.<\/p>\n\n\n\n<p class=\"has-medium-font-size\"><a href=\"https:\/\/pianoscarretto.com\/ca\/sobre-mi\/\" data-type=\"page\" data-id=\"34\">Sobre mi...<\/a><\/p>\n\n\n\n<p class=\"has-medium-font-size\"><\/p>\n<\/div><\/div>\n\n\n<style id=\"wpforms-css-vars-584\">\n\t\t\t\t#wpforms-584 {\n\t\t\t\t--wpforms-container-padding: 0px;\n--wpforms-container-border-width: 1px;\n--wpforms-container-border-radius: 3px;\n--wpforms-background-color: rgba(0, 0, 0, 0);\n--wpforms-field-size-input-height: 43px;\n--wpforms-field-size-input-spacing: 15px;\n--wpforms-field-size-font-size: 16px;\n--wpforms-field-size-line-height: 19px;\n--wpforms-field-size-padding-h: 14px;\n--wpforms-field-size-checkbox-size: 16px;\n--wpforms-field-size-sublabel-spacing: 5px;\n--wpforms-field-size-icon-size: 1;\n--wpforms-label-size-font-size: 16px;\n--wpforms-label-size-line-height: 19px;\n--wpforms-label-size-sublabel-font-size: 14px;\n--wpforms-label-size-sublabel-line-height: 17px;\n--wpforms-button-size-font-size: 17px;\n--wpforms-button-size-height: 41px;\n--wpforms-button-size-padding-h: 15px;\n--wpforms-button-size-margin-top: 10px;\n--wpforms-container-shadow-size-box-shadow: none;\n\t\t\t}\n\t\t\t<\/style><div class=\"wpforms-container wpforms-container-full wpforms-render-modern\" id=\"wpforms-584\"><form id=\"wpforms-form-584\" class=\"wpforms-validate wpforms-form wpforms-ajax-form\" data-formid=\"584\" method=\"post\" enctype=\"multipart\/form-data\" action=\"\/ca\/wp-json\/wp\/v2\/pages\/577\" data-token=\"b96a0c9f7e595a555a184914dc671bb1\" data-token-time=\"1775277372\" data-trp-original-action=\"\/ca\/wp-json\/wp\/v2\/pages\/577\"><noscript class=\"wpforms-error-noscript\">Activeu el JavaScript al navegador per a poder completar el formulari.<\/noscript><div id=\"wpforms-error-noscript\" style=\"display: none;\">Activeu el JavaScript al navegador per a poder completar el formulari.<\/div><div class=\"wpforms-field-container\">\t\t<div id=\"wpforms-584-field_3-container\"\n\t\t\tclass=\"wpforms-field wpforms-field-text\"\n\t\t\tdata-field-type=\"text\"\n\t\t\tdata-field-id=\"3\"\n\t\t\t>\n\t\t\t<label class=\"wpforms-field-label\" for=\"wpforms-584-field_3\" >contacto piano electr\u00f3nico<\/label>\n\t\t\t<input type=\"text\" id=\"wpforms-584-field_3\" class=\"wpforms-field-medium\" name=\"wpforms[fields][3]\" >\n\t\t<\/div>\n\t\t<div id=\"wpforms-584-field_1-container\" class=\"wpforms-field wpforms-field-name\" data-field-id=\"1\"><fieldset><legend class=\"wpforms-field-label\">Nom i Cognoms <span class=\"wpforms-required-label\" aria-hidden=\"true\">*<\/span><\/legend><div class=\"wpforms-field-row wpforms-field-medium\"><div class=\"wpforms-field-row-block wpforms-first wpforms-one-half\"><input type=\"text\" id=\"wpforms-584-field_1\" class=\"wpforms-field-name-first wpforms-field-required\" name=\"wpforms[fields][1][first]\" aria-errormessage=\"wpforms-584-field_1-error\" required><label for=\"wpforms-584-field_1\" class=\"wpforms-field-sublabel after\">Nom<\/label><\/div><div class=\"wpforms-field-row-block wpforms-one-half\"><input type=\"text\" id=\"wpforms-584-field_1-last\" class=\"wpforms-field-name-last wpforms-field-required\" name=\"wpforms[fields][1][last]\" aria-errormessage=\"wpforms-584-field_1-last-error\" required><label for=\"wpforms-584-field_1-last\" class=\"wpforms-field-sublabel after\">Cognoms<\/label><\/div><\/div><\/fieldset><\/div><div id=\"wpforms-584-field_2-container\" class=\"wpforms-field wpforms-field-email\" data-field-id=\"2\"><label class=\"wpforms-field-label\" for=\"wpforms-584-field_2\">Adre\u00e7a de correu electr\u00f2nic <span class=\"wpforms-required-label\" aria-hidden=\"true\">*<\/span><\/label><input type=\"email\" id=\"wpforms-584-field_2\" class=\"wpforms-field-medium wpforms-field-required\" name=\"wpforms[fields][2]\" placeholder=\"Ex: elamantdelpiano@gmail.com\" spellcheck=\"false\" aria-errormessage=\"wpforms-584-field_2-error\" required><\/div><div id=\"wpforms-584-field_9-container\" class=\"wpforms-field wpforms-field-number\" data-field-id=\"9\"><label class=\"wpforms-field-label\" for=\"wpforms-584-field_9\">N\u00famero de contacte<\/label><input type=\"number\" id=\"wpforms-584-field_9\" class=\"wpforms-field-medium\" name=\"wpforms[fields][9]\" step=\"any\" aria-errormessage=\"wpforms-584-field_9-error\" ><\/div><div id=\"wpforms-584-field_4-container\" class=\"wpforms-field wpforms-field-radio\" data-field-id=\"4\"><fieldset><legend class=\"wpforms-field-label\">Tipus de piano <span class=\"wpforms-required-label\" aria-hidden=\"true\">*<\/span><\/legend><ul id=\"wpforms-584-field_4\" class=\"wpforms-field-required\"><li class=\"choice-1 depth-1\"><input type=\"radio\" id=\"wpforms-584-field_4_1\" name=\"wpforms[fields][4]\" value=\"Piano vertical\" aria-errormessage=\"wpforms-584-field_4_1-error\" required><label class=\"wpforms-field-label-inline\" for=\"wpforms-584-field_4_1\">Piano vertical<\/label><\/li><li class=\"choice-2 depth-1\"><input type=\"radio\" id=\"wpforms-584-field_4_2\" name=\"wpforms[fields][4]\" value=\"Piano 1\/4 de cola 131 cm a 189 cm\" aria-errormessage=\"wpforms-584-field_4_2-error\" required><label class=\"wpforms-field-label-inline\" for=\"wpforms-584-field_4_2\">Piano de cua 1\/4 (131 cm a 189 cm)<\/label><\/li><li class=\"choice-3 depth-1\"><input type=\"radio\" id=\"wpforms-584-field_4_3\" name=\"wpforms[fields][4]\" value=\"Piano 1\/2 de cola 190 cm a 225 cm\" aria-errormessage=\"wpforms-584-field_4_3-error\" required><label class=\"wpforms-field-label-inline\" for=\"wpforms-584-field_4_3\">Piano de cua 1\/2 (190 cm a 225 cm)<\/label><\/li><li class=\"choice-4 depth-1\"><input type=\"radio\" id=\"wpforms-584-field_4_4\" name=\"wpforms[fields][4]\" value=\"Piano 3\/4 de cola 226 cm a 255 cm\" aria-errormessage=\"wpforms-584-field_4_4-error\" required><label class=\"wpforms-field-label-inline\" for=\"wpforms-584-field_4_4\">Piano de cua 3\/4 (226 cm a 255 cm)<\/label><\/li><li class=\"choice-5 depth-1\"><input type=\"radio\" id=\"wpforms-584-field_4_5\" name=\"wpforms[fields][4]\" value=\"Piano gran cola 256 o m\u00e1s\" aria-errormessage=\"wpforms-584-field_4_5-error\" required><label class=\"wpforms-field-label-inline\" for=\"wpforms-584-field_4_5\">Piano de gran cua (256 cm o m\u00e9s)<\/label><\/li><\/ul><\/fieldset><\/div><div id=\"wpforms-584-field_5-container\" class=\"wpforms-field wpforms-field-text\" data-field-id=\"5\"><label class=\"wpforms-field-label\" for=\"wpforms-584-field_5\">Marca del piano <span class=\"wpforms-required-label\" aria-hidden=\"true\">*<\/span><\/label><input type=\"text\" id=\"wpforms-584-field_5\" class=\"wpforms-field-medium wpforms-field-required\" name=\"wpforms[fields][5]\" placeholder=\"Introdueix la marca; habitualment es troba sobre la tapa del teclat.\" aria-errormessage=\"wpforms-584-field_5-error\" required><\/div><div id=\"wpforms-584-field_6-container\" class=\"wpforms-field wpforms-field-text\" data-field-id=\"6\"><label class=\"wpforms-field-label\" for=\"wpforms-584-field_6\">N\u00famero de s\u00e8rie del teu piano <span class=\"wpforms-required-label\" aria-hidden=\"true\">*<\/span><\/label><input type=\"text\" id=\"wpforms-584-field_6\" class=\"wpforms-field-medium wpforms-field-required\" name=\"wpforms[fields][6]\" placeholder=\"Normalment es pot trobar dins l\u2019arpa del piano (a la part interior).\" aria-errormessage=\"wpforms-584-field_6-error\" required><\/div><div id=\"wpforms-584-field_8-container\" class=\"wpforms-field wpforms-field-textarea\" data-field-id=\"8\"><label class=\"wpforms-field-label\" for=\"wpforms-584-field_8\">Deixa un missatge per al nostre equip<\/label><textarea id=\"wpforms-584-field_8\" class=\"wpforms-field-medium\" name=\"wpforms[fields][8]\" placeholder=\"\u00c9s important que ens expliquis tots els detalls que tinguis sobre l\u2019estat t\u00e8cnic o est\u00e8tic del piano.\" aria-errormessage=\"wpforms-584-field_8-error\" ><\/textarea><\/div><script>\n\t\t\t\t( function() {\n\t\t\t\t\tconst style = document.createElement( 'style' );\n\t\t\t\t\tstyle.appendChild( document.createTextNode( '#wpforms-584-field_3-container { position: absolute !important; overflow: hidden !important; display: inline !important; height: 1px !important; width: 1px !important; z-index: -1000 !important; padding: 0 !important; } #wpforms-584-field_3-container input { visibility: hidden; } #wpforms-conversational-form-page #wpforms-584-field_3-container label { counter-increment: none; }' ) );\n\t\t\t\t\tdocument.head.appendChild( style );\n\t\t\t\t\tdocument.currentScript?.remove();\n\t\t\t\t} )();\n\t\t\t<\/script><\/div><!-- .wpforms-field-container --><div class=\"wpforms-submit-container\" ><input type=\"hidden\" name=\"wpforms[id]\" value=\"584\"><input type=\"hidden\" name=\"page_title\" value=\"\"><input type=\"hidden\" name=\"page_url\" value=\"https:\/\/pianoscarretto.com\/ca\/wp-json\/wp\/v2\/pages\/577\"><input type=\"hidden\" name=\"url_referer\" value=\"\"><button type=\"submit\" name=\"wpforms[submit]\" id=\"wpforms-submit-584\" class=\"wpforms-submit\" data-alt-text=\"Enviando...\" data-submit-text=\"Enviar\" aria-live=\"assertive\" value=\"wpforms-submit\">Envia la teva consulta<\/button><img loading=\"lazy\" decoding=\"async\" src=\"https:\/\/pianoscarretto.com\/wp-content\/plugins\/wpforms-lite\/assets\/images\/submit-spin.svg\" class=\"wpforms-submit-spinner\" style=\"display: none;\" width=\"26\" height=\"26\" alt=\"S&#039;est\u00e0 carregant\"><\/div><input type=\"hidden\" name=\"trp-form-language\" value=\"ca\"\/><\/form><\/div>  <!-- .wpforms-container -->\n\n\n\n<div class=\"wp-block-uagb-container uagb-block-b7e9dfcf alignfull uagb-is-root-container\"><div class=\"uagb-container-inner-blocks-wrap\">\t\t\t<div \n\t\t\tclass=\"wp-block-uagb-google-map uagb-google-map__wrap uagb-block-4fd1014f\"\n\t\t\tstyle=\"\" >\n\t\t\t\t<embed\n\t\t\t\t\tclass=\"uagb-google-map__iframe\"\n\t\t\t\t\ttitle=\"Google Map for \"\n\t\t\t\t\tsrc=\"https:\/\/maps.google.com\/maps?q=catalunya%20spain&#038;z=8&#038;hl=es&#038;t=m&#038;output=embed&#038;iwloc=near\"\n\t\t\t\t\twidth=\"640\"\n\t\t\t\t\theight=\"592\"\n\t\t\t\t\tloading=\"lazy\"\n\t\t\t\t><\/embed>\n\t\t\t<\/div>\n\t\t\t<\/div><\/div>\n\n\n\n<div id=\"subscribe\" class=\"wp-block-uagb-container uagb-block-26c453a4 alignfull uagb-is-root-container\"><div class=\"uagb-container-inner-blocks-wrap\">\n<div class=\"wp-block-uagb-container uagb-block-0f3221ef\">\n<div class=\"wp-block-uagb-advanced-heading uagb-block-0cd55abe\"><div class=\"uagb-heading-text\">Connecta amb nosaltres<\/div><div class=\"uagb-separator\"><\/div><\/div>\n<\/div>\n\n\n\n<div class=\"wp-block-uagb-container uagb-block-010e42ae\">\n<div class=\"wp-block-uagb-info-box uagb-block-c6dbcb17 uagb-infobox__content-wrap  uagb-infobox-icon-above-title uagb-infobox-image-valign-top\"><div class=\"uagb-ifb-content\"><div class=\"uagb-ifb-title-wrap\"><h3 class=\"uagb-ifb-title-prefix\">T\u2019interessa afinar, reparar o restaurar el teu piano?<\/h3><h4 class=\"uagb-ifb-title\">Deixa\u2019ns el teu correu i et respondrem personalment per assessorar-te.<br><\/h4><\/div><\/div><\/div>\n\n\n\n<div class=\"wp-block-uagb-forms uagb-forms__outer-wrap uagb-block-6ab74b5e uagb-forms__default-btn\"><form class=\"uagb-forms-main-form\" method=\"post\" autocomplete=\"on\" name=\"uagb-form-6ab74b5e\" action=\"\">\n<div class=\"wp-block-uagb-forms-email uagb-forms-email-wrap uagb-forms-field-set uagb-block-1e679f4f\"><div class=\"uagb-forms-email-label required uagb-forms-input-label\" id=\"1e679f4f\">Correu electr\u00f2nic<\/div><input type=\"email\" class=\"uagb-forms-email-input uagb-forms-input\" placeholder=\"La teva adre\u00e7a de correu electr\u00f2nic\" required name=\"1e679f4f\" autocomplete=\"email\"\/><\/div>\n<div class=\"uagb-forms-form-hidden-data\"><input type=\"hidden\" class=\"uagb_forms_form_label\" value=\"Spectra Form\"\/><input type=\"hidden\" class=\"uagb_forms_form_id\" value=\"uagb-form-6ab74b5e\"\/><\/div><div class=\"uagb-form-reacaptcha-error-6ab74b5e\"><\/div><div class=\"uagb-forms-main-submit-button-wrap wp-block-button\"><button class=\"uagb-forms-main-submit-button wp-block-button__link\"><div class=\"uagb-forms-main-submit-button-text\">Enviar consulta<\/div><\/button><\/div><input type=\"hidden\" name=\"trp-form-language\" value=\"ca\"\/><\/form><div class=\"uagb-forms-success-message-6ab74b5e uagb-forms-submit-message-hide\"><span>The form has been submitted successfully!<\/span><\/div><div class=\"uagb-forms-failed-message-6ab74b5e uagb-forms-submit-message-hide\"><span>There has been some error while submitting the form. Please verify all form fields again.<\/span><\/div><\/div>\n<\/div>\n<\/div><\/div>\n\n\n\n<p><\/p>","protected":false},"excerpt":{"rendered":"<p>Conocer la edad de su piano Conocer la antig\u00fcedad de un piano no solo es una cuesti\u00f3n de curiosidad: tambi\u00e9n es fundamental para evaluar su estado, su valor de mercado y las decisiones de mantenimiento o restauraci\u00f3n. En Pianos Carretto le ayudo a determinar la edad real de su instrumento, analizando el n\u00famero de serie, [&hellip;]<\/p>","protected":false},"author":1,"featured_media":0,"parent":0,"menu_order":0,"comment_status":"closed","ping_status":"closed","template":"","meta":{"_uag_custom_page_level_css":"","site-sidebar-layout":"default","site-content-layout":"","ast-site-content-layout":"","site-content-style":"default","site-sidebar-style":"default","ast-global-header-display":"","ast-banner-title-visibility":"","ast-main-header-display":"","ast-hfb-above-header-display":"","ast-hfb-below-header-display":"","ast-hfb-mobile-header-display":"","site-post-title":"disabled","ast-breadcrumbs-content":"","ast-featured-img":"","footer-sml-layout":"","ast-disable-related-posts":"","theme-transparent-header-meta":"","adv-header-id-meta":"","stick-header-meta":"","header-above-stick-meta":"","header-main-stick-meta":"","header-below-stick-meta":"","astra-migrate-meta-layouts":"default","ast-page-background-enabled":"default","ast-page-background-meta":{"desktop":{"background-color":"var(--ast-global-color-4)","background-image":"","background-repeat":"repeat","background-position":"center center","background-size":"auto","background-attachment":"scroll","background-type":"","background-media":"","overlay-type":"","overlay-color":"","overlay-opacity":"","overlay-gradient":""},"tablet":{"background-color":"","background-image":"","background-repeat":"repeat","background-position":"center center","background-size":"auto","background-attachment":"scroll","background-type":"","background-media":"","overlay-type":"","overlay-color":"","overlay-opacity":"","overlay-gradient":""},"mobile":{"background-color":"","background-image":"","background-repeat":"repeat","background-position":"center center","background-size":"auto","background-attachment":"scroll","background-type":"","background-media":"","overlay-type":"","overlay-color":"","overlay-opacity":"","overlay-gradient":""}},"ast-content-background-meta":{"desktop":{"background-color":"var(--ast-global-color-5)","background-image":"","background-repeat":"repeat","background-position":"center center","background-size":"auto","background-attachment":"scroll","background-type":"","background-media":"","overlay-type":"","overlay-color":"","overlay-opacity":"","overlay-gradient":""},"tablet":{"background-color":"var(--ast-global-color-5)","background-image":"","background-repeat":"repeat","background-position":"center center","background-size":"auto","background-attachment":"scroll","background-type":"","background-media":"","overlay-type":"","overlay-color":"","overlay-opacity":"","overlay-gradient":""},"mobile":{"background-color":"var(--ast-global-color-5)","background-image":"","background-repeat":"repeat","background-position":"center center","background-size":"auto","background-attachment":"scroll","background-type":"","background-media":"","overlay-type":"","overlay-color":"","overlay-opacity":"","overlay-gradient":""}},"footnotes":""},"class_list":["post-577","page","type-page","status-publish","hentry"],"uagb_featured_image_src":{"full":false,"thumbnail":false,"medium":false,"medium_large":false,"large":false,"1536x1536":false,"2048x2048":false,"trp-custom-language-flag":false},"uagb_author_info":{"display_name":"Pianos Carretto","author_link":"https:\/\/pianoscarretto.com\/ca\/author\/pianoscarrettowebgmail-com\/"},"uagb_comment_info":0,"uagb_excerpt":"Conocer la edad de su piano Conocer la antig\u00fcedad de un piano no solo es una cuesti\u00f3n de curiosidad: tambi\u00e9n es fundamental para evaluar su estado, su valor de mercado y las decisiones de mantenimiento o restauraci\u00f3n. En Pianos Carretto le ayudo a determinar la edad real de su instrumento, analizando el n\u00famero de serie,&hellip;","_links":{"self":[{"href":"https:\/\/pianoscarretto.com\/ca\/wp-json\/wp\/v2\/pages\/577","targetHints":{"allow":["GET"]}}],"collection":[{"href":"https:\/\/pianoscarretto.com\/ca\/wp-json\/wp\/v2\/pages"}],"about":[{"href":"https:\/\/pianoscarretto.com\/ca\/wp-json\/wp\/v2\/types\/page"}],"author":[{"embeddable":true,"href":"https:\/\/pianoscarretto.com\/ca\/wp-json\/wp\/v2\/users\/1"}],"replies":[{"embeddable":true,"href":"https:\/\/pianoscarretto.com\/ca\/wp-json\/wp\/v2\/comments?post=577"}],"version-history":[{"count":8,"href":"https:\/\/pianoscarretto.com\/ca\/wp-json\/wp\/v2\/pages\/577\/revisions"}],"predecessor-version":[{"id":643,"href":"https:\/\/pianoscarretto.com\/ca\/wp-json\/wp\/v2\/pages\/577\/revisions\/643"}],"wp:attachment":[{"href":"https:\/\/pianoscarretto.com\/ca\/wp-json\/wp\/v2\/media?parent=577"}],"curies":[{"name":"wp","href":"https:\/\/api.w.org\/{rel}","templated":true}]}}