{"id":590,"date":"2025-04-28T09:30:22","date_gmt":"2025-04-28T09:30:22","guid":{"rendered":"https:\/\/pianoscarretto.com\/?page_id=590"},"modified":"2025-05-27T12:36:20","modified_gmt":"2025-05-27T12:36:20","slug":"asesoramiento-vender-piano-cataluna","status":"publish","type":"page","link":"https:\/\/pianoscarretto.com\/ca\/asesoramiento-vender-piano-cataluna\/","title":{"rendered":"Assessorament per vendre el seu piano a Catalunya"},"content":{"rendered":"<div class=\"wp-block-uagb-container uagb-block-219aef8b alignfull uagb-is-root-container\"><div class=\"uagb-container-inner-blocks-wrap\">\n<h2 class=\"wp-block-heading has-text-align-center has-ast-global-color-5-color has-text-color has-link-color has-x-large-font-size wp-elements-7cbedd0cc34a395805940dbff9cce183\">Assessorament per vendre el seu piano a Catalunya<\/h2>\n<\/div><\/div>\n\n\n\n<div class=\"wp-block-uagb-container uagb-block-bwoymiws alignfull uagb-is-root-container\"><div class=\"uagb-container-inner-blocks-wrap\">\n<div class=\"wp-block-uagb-container uagb-block-ir5axtad\">\n<div class=\"wp-block-uagb-info-box uagb-block-sykf5xv0 uagb-infobox__content-wrap  uagb-infobox-icon-above-title uagb-infobox-image-valign-top\"><div class=\"uagb-ifb-content\"><div class=\"uagb-ifb-title-wrap\"><h1 class=\"uagb-ifb-title\"><strong><strong><strong><strong><strong>Per qu\u00e8 comptar amb assessorament abans de vendre el seu piano?<\/strong><\/strong><\/strong><\/strong><\/strong><\/h1><\/div><p class=\"uagb-ifb-desc\"><strong>1. Valoraci\u00f3 precisa basada en el seu estat real.<\/strong><br>L\u2019ajudo a estimar el valor de mercat del seu instrument, evitant sobrevaloracions o p\u00e8rdues innecess\u00e0ries.<br><strong>2. Consells sobre com millorar la seva presentaci\u00f3.<\/strong><br>Petites millores en l\u2019afinaci\u00f3, est\u00e8tica o mec\u00e0nica poden augmentar notablement el seu atractiu i valor.<br><strong>3. Acompanyament en el proc\u00e9s de venda.<\/strong><br>Rebr\u00e0 orientaci\u00f3 sobre com presentar el seu piano a possibles compradors de manera professional i transparent.<\/p><\/div><\/div>\n<\/div>\n\n\n\n<div class=\"wp-block-uagb-container uagb-block-0rcziv7s\">\n<div class=\"wp-block-uagb-image alignleft uagb-block-zkqnkuiz wp-block-uagb-image--layout-default wp-block-uagb-image--effect-static wp-block-uagb-image--align-left\"><figure class=\"wp-block-uagb-image__figure\"><img decoding=\"async\" srcset=\"https:\/\/pianoscarretto.com\/wp-content\/uploads\/2025\/04\/quierecomprarpianos.png ,https:\/\/pianoscarretto.com\/wp-content\/uploads\/2025\/04\/quierecomprarpianos.png 780w, https:\/\/pianoscarretto.com\/wp-content\/uploads\/2025\/04\/quierecomprarpianos.png 360w\" sizes=\"auto, (max-width: 480px) 150px\" src=\"https:\/\/pianoscarretto.com\/wp-content\/uploads\/2025\/04\/quierecomprarpianos.png\" alt=\"asesoramiento para vender su piano en Catalu\u00f1a \u2013 Pianos Carretto\" class=\"uag-image-415\" width=\"270\" height=\"360\" title=\"\" loading=\"lazy\" role=\"img\"\/><\/figure><\/div>\n\n\n\n<div class=\"wp-block-uagb-image alignleft uagb-block-qw1tmuhe wp-block-uagb-image--layout-default wp-block-uagb-image--effect-static wp-block-uagb-image--align-left\"><figure class=\"wp-block-uagb-image__figure\"><img decoding=\"async\" srcset=\"https:\/\/pianoscarretto.com\/wp-content\/uploads\/2025\/04\/pexels-photo-1246437-1246437-1024x683.jpg ,https:\/\/pianoscarretto.com\/wp-content\/uploads\/2025\/04\/pexels-photo-1246437-1246437-scaled.jpg 780w, https:\/\/pianoscarretto.com\/wp-content\/uploads\/2025\/04\/pexels-photo-1246437-1246437-scaled.jpg 360w\" sizes=\"auto, (max-width: 480px) 150px\" src=\"https:\/\/pianoscarretto.com\/wp-content\/uploads\/2025\/04\/pexels-photo-1246437-1246437-1024x683.jpg\" alt=\"asesoramiento para vender su piano en Catalu\u00f1a \u2013 Pianos Carretto\" class=\"uag-image-593\" width=\"270\" height=\"360\" title=\"\" loading=\"lazy\" role=\"img\"\/><\/figure><\/div>\n<\/div>\n<\/div><\/div>\n\n\n\n<div class=\"wp-block-uagb-container uagb-block-8422e75b alignfull uagb-is-root-container\"><div class=\"uagb-container-inner-blocks-wrap\">\n<p>Vendre un piano pot ser una decisi\u00f3 important, ja sigui per canvi d\u2019instrument, mudan\u00e7a o renovaci\u00f3.<br>A <strong>Pianos Carretto<\/strong> le ofrezco un asesoramiento profesional y personalizado para valorar correctamente su piano antes de ponerlo a la venta.<\/p>\n\n\n\n<p>Con\u00e8ixer el seu estat real, la seva antiguitat i el seu valor de mercat li permetr\u00e0 fer una venda m\u00e9s r\u00e0pida, justa i segura.<\/p>\n<\/div><\/div>\n\n\n\n<div class=\"wp-block-uagb-container uagb-block-0b491e7e alignfull uagb-is-root-container\"><div class=\"uagb-container-inner-blocks-wrap\">\n<div class=\"wp-block-uagb-advanced-heading uagb-block-b9311a69\"><h2 class=\"uagb-heading-text\">Si est\u00e0 pensant a vendre el seu piano, no dubti a consultar-me.<\/h2><\/div>\n<\/div><\/div>\n\n\n\n<div class=\"wp-block-uagb-container uagb-block-06f8e859 alignfull uagb-is-root-container\"><div class=\"uagb-container-inner-blocks-wrap\">\n<p class=\"has-medium-font-size\">L\u2019ajudar\u00e9 a valorar el seu instrument i a trobar la millor opci\u00f3 per a la seva venda.<\/p>\n\n\n\n<p class=\"has-medium-font-size\"><a href=\"https:\/\/pianoscarretto.com\/ca\/conocer-edad-piano\/\" data-type=\"page\" data-id=\"577\">Vull con\u00e8ixer l\u2019edat del meu piano\u2026<\/a><\/p>\n\n\n\n<p class=\"has-medium-font-size\"><\/p>\n\n\n\n<p class=\"has-medium-font-size\"><\/p>\n<\/div><\/div>\n\n\n<style id=\"wpforms-css-vars-594\">\n\t\t\t\t#wpforms-594 {\n\t\t\t\t--wpforms-container-padding: 0px;\n--wpforms-container-border-width: 1px;\n--wpforms-container-border-radius: 3px;\n--wpforms-background-color: rgba(0, 0, 0, 0);\n--wpforms-field-size-input-height: 43px;\n--wpforms-field-size-input-spacing: 15px;\n--wpforms-field-size-font-size: 16px;\n--wpforms-field-size-line-height: 19px;\n--wpforms-field-size-padding-h: 14px;\n--wpforms-field-size-checkbox-size: 16px;\n--wpforms-field-size-sublabel-spacing: 5px;\n--wpforms-field-size-icon-size: 1;\n--wpforms-label-size-font-size: 16px;\n--wpforms-label-size-line-height: 19px;\n--wpforms-label-size-sublabel-font-size: 14px;\n--wpforms-label-size-sublabel-line-height: 17px;\n--wpforms-button-size-font-size: 17px;\n--wpforms-button-size-height: 41px;\n--wpforms-button-size-padding-h: 15px;\n--wpforms-button-size-margin-top: 10px;\n--wpforms-container-shadow-size-box-shadow: none;\n\t\t\t}\n\t\t\t<\/style><div class=\"wpforms-container wpforms-container-full wpforms-render-modern\" id=\"wpforms-594\"><form id=\"wpforms-form-594\" class=\"wpforms-validate wpforms-form wpforms-ajax-form\" data-formid=\"594\" method=\"post\" enctype=\"multipart\/form-data\" action=\"\/ca\/wp-json\/wp\/v2\/pages\/590\" data-token=\"17cdefea93eab624b29bf50874fd88a9\" data-token-time=\"1775271726\" data-trp-original-action=\"\/ca\/wp-json\/wp\/v2\/pages\/590\"><noscript class=\"wpforms-error-noscript\">Activeu el JavaScript al navegador per a poder completar el formulari.<\/noscript><div id=\"wpforms-error-noscript\" style=\"display: none;\">Activeu el JavaScript al navegador per a poder completar el formulari.<\/div><div class=\"wpforms-field-container\"><div id=\"wpforms-594-field_1-container\" class=\"wpforms-field wpforms-field-name\" data-field-id=\"1\"><fieldset><legend class=\"wpforms-field-label\">Nom i Cognoms <span class=\"wpforms-required-label\" aria-hidden=\"true\">*<\/span><\/legend><div class=\"wpforms-field-row wpforms-field-medium\"><div class=\"wpforms-field-row-block wpforms-first wpforms-one-half\"><input type=\"text\" id=\"wpforms-594-field_1\" class=\"wpforms-field-name-first wpforms-field-required\" name=\"wpforms[fields][1][first]\" aria-errormessage=\"wpforms-594-field_1-error\" required><label for=\"wpforms-594-field_1\" class=\"wpforms-field-sublabel after\">Nom<\/label><\/div><div class=\"wpforms-field-row-block wpforms-one-half\"><input type=\"text\" id=\"wpforms-594-field_1-last\" class=\"wpforms-field-name-last wpforms-field-required\" name=\"wpforms[fields][1][last]\" aria-errormessage=\"wpforms-594-field_1-last-error\" required><label for=\"wpforms-594-field_1-last\" class=\"wpforms-field-sublabel after\">Cognoms<\/label><\/div><\/div><\/fieldset><\/div><div id=\"wpforms-594-field_2-container\" class=\"wpforms-field wpforms-field-email\" data-field-id=\"2\"><label class=\"wpforms-field-label\" for=\"wpforms-594-field_2\">Adre\u00e7a de correu electr\u00f2nic <span class=\"wpforms-required-label\" aria-hidden=\"true\">*<\/span><\/label><input type=\"email\" id=\"wpforms-594-field_2\" class=\"wpforms-field-medium wpforms-field-required\" name=\"wpforms[fields][2]\" placeholder=\"Ex: elamantdelpiano@gmail.com\" spellcheck=\"false\" aria-errormessage=\"wpforms-594-field_2-error\" required><\/div><div id=\"wpforms-594-field_13-container\" class=\"wpforms-field wpforms-field-number\" data-field-id=\"13\"><label class=\"wpforms-field-label\" for=\"wpforms-594-field_13\">N\u00famero de contacte<\/label><input type=\"number\" id=\"wpforms-594-field_13\" class=\"wpforms-field-medium\" name=\"wpforms[fields][13]\" step=\"any\" aria-errormessage=\"wpforms-594-field_13-error\" ><\/div><div id=\"wpforms-594-field_4-container\" class=\"wpforms-field wpforms-field-textarea\" data-field-id=\"4\"><label class=\"wpforms-field-label\" for=\"wpforms-594-field_4\">Adre\u00e7a on es troba el piano<\/label><textarea id=\"wpforms-594-field_4\" class=\"wpforms-field-medium\" name=\"wpforms[fields][4]\" aria-errormessage=\"wpforms-594-field_4-error\" ><\/textarea><\/div><div id=\"wpforms-594-field_5-container\" class=\"wpforms-field wpforms-field-radio\" data-field-id=\"5\"><fieldset><legend class=\"wpforms-field-label\">Tipus de piano<\/legend><ul id=\"wpforms-594-field_5\"><li class=\"choice-1 depth-1\"><input type=\"radio\" id=\"wpforms-594-field_5_1\" name=\"wpforms[fields][5]\" value=\"Piano vertical\" aria-errormessage=\"wpforms-594-field_5_1-error\"  ><label class=\"wpforms-field-label-inline\" for=\"wpforms-594-field_5_1\">Piano vertical<\/label><\/li><li class=\"choice-2 depth-1\"><input type=\"radio\" id=\"wpforms-594-field_5_2\" name=\"wpforms[fields][5]\" value=\"Piano 14 de cola 131 cm a 189 cm\" aria-errormessage=\"wpforms-594-field_5_2-error\"  ><label class=\"wpforms-field-label-inline\" for=\"wpforms-594-field_5_2\">Piano de cua 1\/4 (131 cm a 189 cm)<\/label><\/li><li class=\"choice-3 depth-1\"><input type=\"radio\" id=\"wpforms-594-field_5_3\" name=\"wpforms[fields][5]\" value=\"Piano 12 de cola 190 cm a 225 cm\" aria-errormessage=\"wpforms-594-field_5_3-error\"  ><label class=\"wpforms-field-label-inline\" for=\"wpforms-594-field_5_3\">Piano de cua 1\/2 de 190 cm a 225 cm<\/label><\/li><li class=\"choice-4 depth-1\"><input type=\"radio\" id=\"wpforms-594-field_5_4\" name=\"wpforms[fields][5]\" value=\"Piano 34 de cola 226 cm a 255 cm\" aria-errormessage=\"wpforms-594-field_5_4-error\"  ><label class=\"wpforms-field-label-inline\" for=\"wpforms-594-field_5_4\">Piano de cua 3\/4 (226 cm a 255 cm)<\/label><\/li><li class=\"choice-5 depth-1\"><input type=\"radio\" id=\"wpforms-594-field_5_5\" name=\"wpforms[fields][5]\" value=\"Piano gran cola 256 o m\u00e1s\" aria-errormessage=\"wpforms-594-field_5_5-error\"  ><label class=\"wpforms-field-label-inline\" for=\"wpforms-594-field_5_5\">Piano de gran cua (256 cm o m\u00e9s)<\/label><\/li><\/ul><\/fieldset><\/div><div id=\"wpforms-594-field_6-container\" class=\"wpforms-field wpforms-field-text\" data-field-id=\"6\"><label class=\"wpforms-field-label\" for=\"wpforms-594-field_6\">Marca del piano<\/label><input type=\"text\" id=\"wpforms-594-field_6\" class=\"wpforms-field-medium\" name=\"wpforms[fields][6]\" placeholder=\"ndiqui la marca del seu piano, normalment es pot veure a la tapa del teclat.\" aria-errormessage=\"wpforms-594-field_6-error\" ><\/div><div id=\"wpforms-594-field_7-container\" class=\"wpforms-field wpforms-field-text\" data-field-id=\"7\"><label class=\"wpforms-field-label\" for=\"wpforms-594-field_7\">N\u00famero de s\u00e8rie del teu piano<\/label><input type=\"text\" id=\"wpforms-594-field_7\" class=\"wpforms-field-medium\" name=\"wpforms[fields][7]\" placeholder=\"El pot trobar a l\u2019arpa del piano, generalment a la part interior\" aria-errormessage=\"wpforms-594-field_7-error\" ><\/div>\t\t<div id=\"wpforms-594-field_3-container\"\n\t\t\tclass=\"wpforms-field wpforms-field-text\"\n\t\t\tdata-field-type=\"text\"\n\t\t\tdata-field-id=\"3\"\n\t\t\t>\n\t\t\t<label class=\"wpforms-field-label\" for=\"wpforms-594-field_3\" >y serial baja<\/label>\n\t\t\t<input type=\"text\" id=\"wpforms-594-field_3\" class=\"wpforms-field-medium\" name=\"wpforms[fields][3]\" >\n\t\t<\/div>\n\t\t<div id=\"wpforms-594-field_8-container\" class=\"wpforms-field wpforms-field-radio\" data-field-id=\"8\"><fieldset><legend class=\"wpforms-field-label\">El piano est\u00e0 a la planta baixa<\/legend><ul id=\"wpforms-594-field_8\"><li class=\"choice-1 depth-1\"><input type=\"radio\" id=\"wpforms-594-field_8_1\" name=\"wpforms[fields][8]\" value=\"Si\" aria-errormessage=\"wpforms-594-field_8_1-error\"  ><label class=\"wpforms-field-label-inline\" for=\"wpforms-594-field_8_1\">S\u00ed<\/label><\/li><li class=\"choice-2 depth-1\"><input type=\"radio\" id=\"wpforms-594-field_8_2\" name=\"wpforms[fields][8]\" value=\"No\" aria-errormessage=\"wpforms-594-field_8_2-error\"  ><label class=\"wpforms-field-label-inline\" for=\"wpforms-594-field_8_2\">No<\/label><\/li><\/ul><\/fieldset><\/div><div id=\"wpforms-594-field_9-container\" class=\"wpforms-field wpforms-field-textarea\" data-field-id=\"9\"><label class=\"wpforms-field-label\" for=\"wpforms-594-field_9\">En cas que sigui un apartament, indiqui quants pisos s\u2019han de baixar amb el piano i si \u00e9s per ascensor, escala o grua<\/label><textarea id=\"wpforms-594-field_9\" class=\"wpforms-field-medium\" name=\"wpforms[fields][9]\" aria-errormessage=\"wpforms-594-field_9-error\" ><\/textarea><\/div><div id=\"wpforms-594-field_11-container\" class=\"wpforms-field wpforms-field-number\" data-field-id=\"11\"><label class=\"wpforms-field-label\" for=\"wpforms-594-field_11\">Valor de venda<\/label><input type=\"number\" id=\"wpforms-594-field_11\" class=\"wpforms-field-medium\" name=\"wpforms[fields][11]\" placeholder=\"Indiqui, si us plau, quant li agradaria obtenir per la venda del seu piano\" step=\"any\" aria-errormessage=\"wpforms-594-field_11-error\" ><\/div><div id=\"wpforms-594-field_12-container\" class=\"wpforms-field wpforms-field-textarea\" data-field-id=\"12\"><label class=\"wpforms-field-label\" for=\"wpforms-594-field_12\">Deixa un missatge per al nostre equip<\/label><textarea id=\"wpforms-594-field_12\" class=\"wpforms-field-medium\" name=\"wpforms[fields][12]\" placeholder=\"\u00c9s important que ens expliquis tots els detalls que tinguis sobre l\u2019estat t\u00e8cnic o est\u00e8tic del piano.\" aria-errormessage=\"wpforms-594-field_12-error\" ><\/textarea><\/div><script>\n\t\t\t\t( function() {\n\t\t\t\t\tconst style = document.createElement( 'style' );\n\t\t\t\t\tstyle.appendChild( document.createTextNode( '#wpforms-594-field_3-container { position: absolute !important; overflow: hidden !important; display: inline !important; height: 1px !important; width: 1px !important; z-index: -1000 !important; padding: 0 !important; } #wpforms-594-field_3-container input { visibility: hidden; } #wpforms-conversational-form-page #wpforms-594-field_3-container label { counter-increment: none; }' ) );\n\t\t\t\t\tdocument.head.appendChild( style );\n\t\t\t\t\tdocument.currentScript?.remove();\n\t\t\t\t} )();\n\t\t\t<\/script><\/div><!-- .wpforms-field-container --><div class=\"wpforms-submit-container\" ><input type=\"hidden\" name=\"wpforms[id]\" value=\"594\"><input type=\"hidden\" name=\"page_title\" value=\"\"><input type=\"hidden\" name=\"page_url\" value=\"https:\/\/pianoscarretto.com\/ca\/wp-json\/wp\/v2\/pages\/590\"><input type=\"hidden\" name=\"url_referer\" value=\"\"><button type=\"submit\" name=\"wpforms[submit]\" id=\"wpforms-submit-594\" class=\"wpforms-submit\" data-alt-text=\"Enviando...\" data-submit-text=\"Enviar Informaci\u00f3n\" aria-live=\"assertive\" value=\"wpforms-submit\">Enviar informaci\u00f3<\/button><img loading=\"lazy\" decoding=\"async\" src=\"https:\/\/pianoscarretto.com\/wp-content\/plugins\/wpforms-lite\/assets\/images\/submit-spin.svg\" class=\"wpforms-submit-spinner\" style=\"display: none;\" width=\"26\" height=\"26\" alt=\"S&#039;est\u00e0 carregant\"><\/div><input type=\"hidden\" name=\"trp-form-language\" value=\"ca\"\/><\/form><\/div>  <!-- .wpforms-container -->\n\n\n\n<div class=\"wp-block-uagb-container uagb-block-b7e9dfcf alignfull uagb-is-root-container\"><div class=\"uagb-container-inner-blocks-wrap\">\t\t\t<div \n\t\t\tclass=\"wp-block-uagb-google-map uagb-google-map__wrap uagb-block-4fd1014f\"\n\t\t\tstyle=\"\" >\n\t\t\t\t<embed\n\t\t\t\t\tclass=\"uagb-google-map__iframe\"\n\t\t\t\t\ttitle=\"Google Map for \"\n\t\t\t\t\tsrc=\"https:\/\/maps.google.com\/maps?q=catalunya%20spain&#038;z=8&#038;hl=es&#038;t=m&#038;output=embed&#038;iwloc=near\"\n\t\t\t\t\twidth=\"640\"\n\t\t\t\t\theight=\"592\"\n\t\t\t\t\tloading=\"lazy\"\n\t\t\t\t><\/embed>\n\t\t\t<\/div>\n\t\t\t<\/div><\/div>\n\n\n\n<div id=\"subscribe\" class=\"wp-block-uagb-container uagb-block-26c453a4 alignfull uagb-is-root-container\"><div class=\"uagb-container-inner-blocks-wrap\">\n<div class=\"wp-block-uagb-container uagb-block-0f3221ef\">\n<div class=\"wp-block-uagb-advanced-heading uagb-block-0cd55abe\"><div class=\"uagb-heading-text\">Connecta amb nosaltres<\/div><div class=\"uagb-separator\"><\/div><\/div>\n<\/div>\n\n\n\n<div class=\"wp-block-uagb-container uagb-block-010e42ae\">\n<div class=\"wp-block-uagb-info-box uagb-block-c6dbcb17 uagb-infobox__content-wrap  uagb-infobox-icon-above-title uagb-infobox-image-valign-top\"><div class=\"uagb-ifb-content\"><div class=\"uagb-ifb-title-wrap\"><h3 class=\"uagb-ifb-title-prefix\">T\u2019interessa afinar, reparar o restaurar el teu piano?<\/h3><h4 class=\"uagb-ifb-title\">Deixa\u2019ns el teu correu i et respondrem personalment per assessorar-te.<br><\/h4><\/div><\/div><\/div>\n\n\n\n<div class=\"wp-block-uagb-forms uagb-forms__outer-wrap uagb-block-6ab74b5e uagb-forms__default-btn\"><form class=\"uagb-forms-main-form\" method=\"post\" autocomplete=\"on\" name=\"uagb-form-6ab74b5e\" action=\"\">\n<div class=\"wp-block-uagb-forms-email uagb-forms-email-wrap uagb-forms-field-set uagb-block-1e679f4f\"><div class=\"uagb-forms-email-label required uagb-forms-input-label\" id=\"1e679f4f\">Correu electr\u00f2nic<\/div><input type=\"email\" class=\"uagb-forms-email-input uagb-forms-input\" placeholder=\"La teva adre\u00e7a de correu electr\u00f2nic\" required name=\"1e679f4f\" autocomplete=\"email\"\/><\/div>\n<div class=\"uagb-forms-form-hidden-data\"><input type=\"hidden\" class=\"uagb_forms_form_label\" value=\"Spectra Form\"\/><input type=\"hidden\" class=\"uagb_forms_form_id\" value=\"uagb-form-6ab74b5e\"\/><\/div><div class=\"uagb-form-reacaptcha-error-6ab74b5e\"><\/div><div class=\"uagb-forms-main-submit-button-wrap wp-block-button\"><button class=\"uagb-forms-main-submit-button wp-block-button__link\"><div class=\"uagb-forms-main-submit-button-text\">Enviar consulta<\/div><\/button><\/div><input type=\"hidden\" name=\"trp-form-language\" value=\"ca\"\/><\/form><div class=\"uagb-forms-success-message-6ab74b5e uagb-forms-submit-message-hide\"><span>The form has been submitted successfully!<\/span><\/div><div class=\"uagb-forms-failed-message-6ab74b5e uagb-forms-submit-message-hide\"><span>There has been some error while submitting the form. Please verify all form fields again.<\/span><\/div><\/div>\n<\/div>\n<\/div><\/div>\n\n\n\n<p><\/p>","protected":false},"excerpt":{"rendered":"<p>Asesoramiento para vender su piano en Catalu\u00f1a Vender un piano puede ser una decisi\u00f3n importante, ya sea por cambio de instrumento, mudanza o renovaci\u00f3n.En Pianos Carretto le ofrezco un asesoramiento profesional y personalizado para valorar correctamente su piano antes de ponerlo a la venta. Conocer su estado real, su antig\u00fcedad, y su valor de mercado [&hellip;]<\/p>","protected":false},"author":1,"featured_media":0,"parent":0,"menu_order":0,"comment_status":"closed","ping_status":"closed","template":"","meta":{"_uag_custom_page_level_css":"","site-sidebar-layout":"default","site-content-layout":"","ast-site-content-layout":"","site-content-style":"default","site-sidebar-style":"default","ast-global-header-display":"","ast-banner-title-visibility":"","ast-main-header-display":"","ast-hfb-above-header-display":"","ast-hfb-below-header-display":"","ast-hfb-mobile-header-display":"","site-post-title":"disabled","ast-breadcrumbs-content":"","ast-featured-img":"","footer-sml-layout":"","ast-disable-related-posts":"","theme-transparent-header-meta":"","adv-header-id-meta":"","stick-header-meta":"","header-above-stick-meta":"","header-main-stick-meta":"","header-below-stick-meta":"","astra-migrate-meta-layouts":"default","ast-page-background-enabled":"default","ast-page-background-meta":{"desktop":{"background-color":"var(--ast-global-color-4)","background-image":"","background-repeat":"repeat","background-position":"center center","background-size":"auto","background-attachment":"scroll","background-type":"","background-media":"","overlay-type":"","overlay-color":"","overlay-opacity":"","overlay-gradient":""},"tablet":{"background-color":"","background-image":"","background-repeat":"repeat","background-position":"center center","background-size":"auto","background-attachment":"scroll","background-type":"","background-media":"","overlay-type":"","overlay-color":"","overlay-opacity":"","overlay-gradient":""},"mobile":{"background-color":"","background-image":"","background-repeat":"repeat","background-position":"center center","background-size":"auto","background-attachment":"scroll","background-type":"","background-media":"","overlay-type":"","overlay-color":"","overlay-opacity":"","overlay-gradient":""}},"ast-content-background-meta":{"desktop":{"background-color":"var(--ast-global-color-5)","background-image":"","background-repeat":"repeat","background-position":"center center","background-size":"auto","background-attachment":"scroll","background-type":"","background-media":"","overlay-type":"","overlay-color":"","overlay-opacity":"","overlay-gradient":""},"tablet":{"background-color":"var(--ast-global-color-5)","background-image":"","background-repeat":"repeat","background-position":"center center","background-size":"auto","background-attachment":"scroll","background-type":"","background-media":"","overlay-type":"","overlay-color":"","overlay-opacity":"","overlay-gradient":""},"mobile":{"background-color":"var(--ast-global-color-5)","background-image":"","background-repeat":"repeat","background-position":"center center","background-size":"auto","background-attachment":"scroll","background-type":"","background-media":"","overlay-type":"","overlay-color":"","overlay-opacity":"","overlay-gradient":""}},"footnotes":""},"class_list":["post-590","page","type-page","status-publish","hentry"],"uagb_featured_image_src":{"full":false,"thumbnail":false,"medium":false,"medium_large":false,"large":false,"1536x1536":false,"2048x2048":false,"trp-custom-language-flag":false},"uagb_author_info":{"display_name":"Pianos Carretto","author_link":"https:\/\/pianoscarretto.com\/ca\/author\/pianoscarrettowebgmail-com\/"},"uagb_comment_info":0,"uagb_excerpt":"Asesoramiento para vender su piano en Catalu\u00f1a Vender un piano puede ser una decisi\u00f3n importante, ya sea por cambio de instrumento, mudanza o renovaci\u00f3n.En Pianos Carretto le ofrezco un asesoramiento profesional y personalizado para valorar correctamente su piano antes de ponerlo a la venta. Conocer su estado real, su antig\u00fcedad, y su valor de mercado&hellip;","_links":{"self":[{"href":"https:\/\/pianoscarretto.com\/ca\/wp-json\/wp\/v2\/pages\/590","targetHints":{"allow":["GET"]}}],"collection":[{"href":"https:\/\/pianoscarretto.com\/ca\/wp-json\/wp\/v2\/pages"}],"about":[{"href":"https:\/\/pianoscarretto.com\/ca\/wp-json\/wp\/v2\/types\/page"}],"author":[{"embeddable":true,"href":"https:\/\/pianoscarretto.com\/ca\/wp-json\/wp\/v2\/users\/1"}],"replies":[{"embeddable":true,"href":"https:\/\/pianoscarretto.com\/ca\/wp-json\/wp\/v2\/comments?post=590"}],"version-history":[{"count":6,"href":"https:\/\/pianoscarretto.com\/ca\/wp-json\/wp\/v2\/pages\/590\/revisions"}],"predecessor-version":[{"id":663,"href":"https:\/\/pianoscarretto.com\/ca\/wp-json\/wp\/v2\/pages\/590\/revisions\/663"}],"wp:attachment":[{"href":"https:\/\/pianoscarretto.com\/ca\/wp-json\/wp\/v2\/media?parent=590"}],"curies":[{"name":"wp","href":"https:\/\/api.w.org\/{rel}","templated":true}]}}