{"id":664,"date":"2025-06-03T17:13:39","date_gmt":"2025-06-03T17:13:39","guid":{"rendered":"https:\/\/pianoscarretto.com\/?page_id=664"},"modified":"2025-06-03T17:46:26","modified_gmt":"2025-06-03T17:46:26","slug":"aviso-legal","status":"publish","type":"page","link":"https:\/\/pianoscarretto.com\/ca\/aviso-legal\/","title":{"rendered":"Av\u00eds legal"},"content":{"rendered":"<div class=\"wp-block-uagb-container uagb-block-3ixbwslo alignfull uagb-is-root-container\"><div class=\"uagb-container-inner-blocks-wrap\"><\/div><\/div>\n\n\n\n<h2 class=\"wp-block-heading\"><strong>1. Aviso legal<\/strong><\/h2>\n\n\n\n<p><strong>1. Titularidad de la p\u00e1gina web<\/strong><\/p>\n\n\n\n<p>De conformidad con el art\u00edculo 10 de la Ley 34\/2002, de 11 de julio, de Servicios de la Sociedad de la Informaci\u00f3n y del Comercio Electr\u00f3nico (LSSI-CE), se informa que:<\/p>\n\n\n\n<ul class=\"wp-block-list\">\n<li><strong>Titular:<\/strong> Alejo Carretto Barilatti<\/li>\n\n\n\n<li><strong>Nombre comercial:<\/strong> Pianos Carretto<\/li>\n\n\n\n<li><strong>NIE:<\/strong> Z1427110B<\/li>\n\n\n\n<li><strong>Direcci\u00f3n:<\/strong> Calle Madrid 9, 1-2, 25210, Guissona, Lleida, Catalunya, Espa\u00f1a<\/li>\n\n\n\n<li><strong>Correu electr\u00f2nic<\/strong> <a>info@pianoscarretto.com<\/a><\/li>\n\n\n\n<li><strong>Tel\u00e9fono:<\/strong> <em>625 66 94 74<\/em><\/li>\n\n\n\n<li><strong>P\u00e1gina web:<\/strong> <a class=\"\" href=\"https:\/\/pianoscarretto.com\/ca\/\">https:\/\/pianoscarretto.com<\/a><\/li>\n<\/ul>\n\n\n\n<p><strong>2. Condiciones de uso<\/strong><\/p>\n\n\n\n<p>El acceso y uso de este sitio web atribuyen la condici\u00f3n de usuario e implican la aceptaci\u00f3n plena y sin reservas de las presentes condiciones generales de uso.<\/p>\n\n\n\n<p>El usuario se compromete a utilizar este sitio web de forma l\u00edcita, respetando la legislaci\u00f3n vigente y los derechos de terceros, absteni\u00e9ndose de realizar cualquier actividad que pueda da\u00f1ar, inutilizar o sobrecargar el funcionamiento de la web.<\/p>\n\n\n\n<p><strong>3. Propiedad intelectual e industrial<\/strong><\/p>\n\n\n\n<p>Todos los contenidos de este sitio web, incluidos textos, im\u00e1genes, gr\u00e1ficos, logotipos, iconos, software, nombres comerciales, marcas u otros signos distintivos, est\u00e1n protegidos por los correspondientes derechos de propiedad intelectual e industrial de Pianos Carretto o de terceros que hayan autorizado su uso.<\/p>\n\n\n\n<p>Queda prohibida la reproducci\u00f3n, distribuci\u00f3n, comunicaci\u00f3n p\u00fablica o transformaci\u00f3n de dichos contenidos sin autorizaci\u00f3n previa y por escrito del titular.<\/p>\n\n\n\n<p><strong>4. Responsabilidad<\/strong><\/p>\n\n\n\n<p>El titular del sitio web no se hace responsable de los da\u00f1os o perjuicios que puedan derivarse de interferencias, omisiones, interrupciones, virus inform\u00e1ticos u otros problemas t\u00e9cnicos ajenos al control del titular.<\/p>\n\n\n\n<p>Tampoco se responsabiliza del uso indebido que los usuarios puedan hacer de la informaci\u00f3n contenida en este sitio web ni de los contenidos de los enlaces externos que se puedan incluir.<\/p>\n\n\n\n<p><strong>5. Protecci\u00f3n de datos<\/strong><\/p>\n\n\n\n<p>El tratamiento de los datos personales recabados a trav\u00e9s de esta web se rige por lo establecido en nuestra <strong><a href=\"https:\/\/pianoscarretto.com\/ca\/politicas-de-privacidad\/\" data-type=\"link\" data-id=\"https:\/\/pianoscarretto.com\/politicas-de-privacidad\/\">Pol\u00edtica de Privacidad<\/a><\/strong>. El usuario tiene derecho a acceder, rectificar y suprimir sus datos, as\u00ed como otros derechos reconocidos en el Reglamento General de Protecci\u00f3n de Datos (RGPD) y la Ley Org\u00e1nica de Protecci\u00f3n de Datos y Garant\u00eda de los Derechos Digitales (LOPDGDD).<\/p>\n\n\n\n<p><strong>6. Legislaci\u00f3n y jurisdicci\u00f3n aplicable<\/strong><\/p>\n\n\n\n<p>El presente Aviso Legal se rige por la legislaci\u00f3n espa\u00f1ola. Para la resoluci\u00f3n de cualquier controversia que pudiera surgir en relaci\u00f3n al acceso o uso de esta web, ambas partes se someten a los Juzgados y Tribunales del domicilio del titular, salvo disposici\u00f3n legal en contrario.<\/p>\n\n\n\n<p><strong>7. Modificaciones del aviso legal<\/strong><\/p>\n\n\n\n<p>El titular se reserva el derecho de modificar este Aviso Legal para adaptarlo a novedades legislativas o cambios en las actividades. Las modificaciones se publicar\u00e1n en esta misma p\u00e1gina web.<\/p>\n\n\n\n<div class=\"wp-block-uagb-container uagb-block-b2d84904 alignfull uagb-is-root-container\"><div class=\"uagb-container-inner-blocks-wrap\"><\/div><\/div>","protected":false},"excerpt":{"rendered":"<p>1. Aviso legal 1. Titularidad de la p\u00e1gina web De conformidad con el art\u00edculo 10 de la Ley 34\/2002, de 11 de julio, de Servicios de la Sociedad de la Informaci\u00f3n y del Comercio Electr\u00f3nico (LSSI-CE), se informa que: 2. Condiciones de uso El acceso y uso de este sitio web atribuyen la condici\u00f3n de [&hellip;]<\/p>","protected":false},"author":1,"featured_media":0,"parent":0,"menu_order":0,"comment_status":"closed","ping_status":"closed","template":"","meta":{"_uag_custom_page_level_css":"","site-sidebar-layout":"default","site-content-layout":"","ast-site-content-layout":"","site-content-style":"default","site-sidebar-style":"default","ast-global-header-display":"","ast-banner-title-visibility":"","ast-main-header-display":"","ast-hfb-above-header-display":"","ast-hfb-below-header-display":"","ast-hfb-mobile-header-display":"","site-post-title":"disabled","ast-breadcrumbs-content":"","ast-featured-img":"","footer-sml-layout":"","ast-disable-related-posts":"","theme-transparent-header-meta":"","adv-header-id-meta":"","stick-header-meta":"","header-above-stick-meta":"","header-main-stick-meta":"","header-below-stick-meta":"","astra-migrate-meta-layouts":"default","ast-page-background-enabled":"default","ast-page-background-meta":{"desktop":{"background-color":"var(--ast-global-color-4)","background-image":"","background-repeat":"repeat","background-position":"center center","background-size":"auto","background-attachment":"scroll","background-type":"","background-media":"","overlay-type":"","overlay-color":"","overlay-opacity":"","overlay-gradient":""},"tablet":{"background-color":"","background-image":"","background-repeat":"repeat","background-position":"center center","background-size":"auto","background-attachment":"scroll","background-type":"","background-media":"","overlay-type":"","overlay-color":"","overlay-opacity":"","overlay-gradient":""},"mobile":{"background-color":"","background-image":"","background-repeat":"repeat","background-position":"center center","background-size":"auto","background-attachment":"scroll","background-type":"","background-media":"","overlay-type":"","overlay-color":"","overlay-opacity":"","overlay-gradient":""}},"ast-content-background-meta":{"desktop":{"background-color":"var(--ast-global-color-5)","background-image":"","background-repeat":"repeat","background-position":"center center","background-size":"auto","background-attachment":"scroll","background-type":"","background-media":"","overlay-type":"","overlay-color":"","overlay-opacity":"","overlay-gradient":""},"tablet":{"background-color":"var(--ast-global-color-5)","background-image":"","background-repeat":"repeat","background-position":"center center","background-size":"auto","background-attachment":"scroll","background-type":"","background-media":"","overlay-type":"","overlay-color":"","overlay-opacity":"","overlay-gradient":""},"mobile":{"background-color":"var(--ast-global-color-5)","background-image":"","background-repeat":"repeat","background-position":"center center","background-size":"auto","background-attachment":"scroll","background-type":"","background-media":"","overlay-type":"","overlay-color":"","overlay-opacity":"","overlay-gradient":""}},"footnotes":""},"class_list":["post-664","page","type-page","status-publish","hentry"],"uagb_featured_image_src":{"full":false,"thumbnail":false,"medium":false,"medium_large":false,"large":false,"1536x1536":false,"2048x2048":false,"trp-custom-language-flag":false},"uagb_author_info":{"display_name":"Pianos Carretto","author_link":"https:\/\/pianoscarretto.com\/ca\/author\/pianoscarrettowebgmail-com\/"},"uagb_comment_info":0,"uagb_excerpt":"1. Aviso legal 1. Titularidad de la p\u00e1gina web De conformidad con el art\u00edculo 10 de la Ley 34\/2002, de 11 de julio, de Servicios de la Sociedad de la Informaci\u00f3n y del Comercio Electr\u00f3nico (LSSI-CE), se informa que: 2. Condiciones de uso El acceso y uso de este sitio web atribuyen la condici\u00f3n de&hellip;","_links":{"self":[{"href":"https:\/\/pianoscarretto.com\/ca\/wp-json\/wp\/v2\/pages\/664","targetHints":{"allow":["GET"]}}],"collection":[{"href":"https:\/\/pianoscarretto.com\/ca\/wp-json\/wp\/v2\/pages"}],"about":[{"href":"https:\/\/pianoscarretto.com\/ca\/wp-json\/wp\/v2\/types\/page"}],"author":[{"embeddable":true,"href":"https:\/\/pianoscarretto.com\/ca\/wp-json\/wp\/v2\/users\/1"}],"replies":[{"embeddable":true,"href":"https:\/\/pianoscarretto.com\/ca\/wp-json\/wp\/v2\/comments?post=664"}],"version-history":[{"count":10,"href":"https:\/\/pianoscarretto.com\/ca\/wp-json\/wp\/v2\/pages\/664\/revisions"}],"predecessor-version":[{"id":692,"href":"https:\/\/pianoscarretto.com\/ca\/wp-json\/wp\/v2\/pages\/664\/revisions\/692"}],"wp:attachment":[{"href":"https:\/\/pianoscarretto.com\/ca\/wp-json\/wp\/v2\/media?parent=664"}],"curies":[{"name":"wp","href":"https:\/\/api.w.org\/{rel}","templated":true}]}}